{"id":3523,"date":"2024-10-31T14:43:27","date_gmt":"2024-10-31T14:43:27","guid":{"rendered":"https:\/\/belottiterrazzo.com\/area-tecnica\/pulizia-e-manutenzione\/"},"modified":"2025-03-06T11:22:48","modified_gmt":"2025-03-06T11:22:48","slug":"nettoyage-et-entretien","status":"publish","type":"page","link":"https:\/\/www.belottiterrazzo.com\/fr\/domaine-technique\/nettoyage-et-entretien\/","title":{"rendered":"Nettoyage et entretien"},"content":{"rendered":"<div>Nettoyage et entretien<\/div>\n<div>\n<p>Les marbres reconstitu\u00e9s sont r\u00e9sistants, faciles \u00e0 entretenir et conservent longtemps leur aspect d&rsquo;origine, m\u00eame dans des conditions de forte charge<\/p>\n<\/div>\n<h2>Nettoyage quotidien<\/h2>\n<div>\n<p>Gr\u00e2ce \u00e0 leur surface compacte et non poreuse, les sols en terrazzo sont faciles \u00e0 nettoyer et n\u00e9cessitent peu d&rsquo;entretien. Pour le nettoyage quotidien, suivez ces \u00e9tapes simples :<\/p>\n<p>\u2013 <strong>Retrait de la poussi\u00e8re<\/strong> : utilisez un balai doux, une serpill\u00e8re en microfibre ou un aspirateur avec des brosses d\u00e9licates pour \u00e9liminer la salet\u00e9 et les d\u00e9bris.<\/p>\n<p>\u2013 <strong>Lavage avec des d\u00e9tergents neutres<\/strong> : nettoyez avec de l&rsquo;eau ti\u00e8de et un d\u00e9tergent au pH neutre, en \u00e9vitant les produits agressifs qui pourraient ternir la surface.<\/p>\n<p>\u2013 <strong>S\u00e9chage imm\u00e9diat<\/strong> : pour \u00e9viter les traces ou l&rsquo;accumulation d&rsquo;eau, s\u00e9chez le sol avec un chiffon doux.<\/p>\n<\/div>\n<h2>\n<p>Ce qu&rsquo;il faut \u00e9viter pour prot\u00e9ger le sol<\/p>\n<\/h2>\n<div>\n<p>Pour pr\u00e9server la brillance et la qualit\u00e9 de votre sol en terrazzo, il est important d&rsquo;\u00e9viter l&rsquo;utilisation de produits ou d&rsquo;outils abrasifs :<\/p>\n<p>\u2013 <strong>Acides et substances corrosives<\/strong> : l&rsquo;eau de javel, l&rsquo;ammoniaque, le vinaigre et d&rsquo;autres d\u00e9tergents agressifs peuvent endommager la finition du terrazzo.<\/p>\n<p>\u2013 <strong>\u00c9ponges abrasives ou tampons m\u00e9talliques<\/strong> : ils peuvent rayer la surface et r\u00e9duire la brillance.<\/p>\n<p>\u2013 <strong>Exc\u00e8s d&rsquo;eau stagnante<\/strong> : surtout sur les sols non trait\u00e9s avec des finitions hydrophobes.<\/p>\n<\/div>\n<h2>Entretien exceptionnel<\/h2>\n<div>\n<p data-start=\"33\" data-end=\"159\">En plus du nettoyage quotidien, un entretien p\u00e9riodique aide \u00e0 maintenir le sol toujours brillant et prot\u00e9g\u00e9 au fil du temps :<\/p>\n<p data-start=\"161\" data-end=\"347\">\u2013 <strong>Polissage p\u00e9riodique<\/strong> : si le sol perd de sa brillance, vous pouvez utiliser une cire sp\u00e9cifique pour terrazzo ou opter pour une cristallisation professionnelle pour raviver la surface.<\/p>\n<p data-start=\"349\" data-end=\"536\">\u2013 <strong>Traitements protecteurs<\/strong> : l&rsquo;application d&rsquo;un scellant hydro-ol\u00e9ophobe aide \u00e0 pr\u00e9venir les taches et les infiltrations de liquides, am\u00e9liorant ainsi la r\u00e9sistance aux substances grasses.<\/p>\n<p data-start=\"538\" data-end=\"723\" data-is-last-node=\"\" data-is-only-node=\"\">\u2013 <strong>\u00c9limination des taches tenaces<\/strong> : pour les taches de vin, de caf\u00e9 ou de graisse, utilisez des produits sp\u00e9cifiques pour terrazzo ou des solutions douces \u00e0 base de bicarbonate de soude.<\/p>\n<\/div>\n<h2>\n<article class=\"w-full text-token-text-primary focus-visible:outline-2 focus-visible:outline-offset-[-4px]\" dir=\"auto\" data-testid=\"conversation-turn-81\" data-scroll-anchor=\"false\">\n<div class=\"text-base my-auto mx-auto py-[18px] px-6\">\n<div class=\"mx-auto flex flex-1 text-base gap-4 md:gap-5 lg:gap-6 md:max-w-3xl\">\n<div class=\"group\/conversation-turn relative flex w-full min-w-0 flex-col agent-turn @xs\/thread:px-0 @sm\/thread:px-1.5 @md\/thread:px-4\">\n<div class=\"flex-col gap-1 md:gap-3\">\n<div class=\"flex max-w-full flex-col flex-grow\">\n<div data-message-author-role=\"assistant\" data-message-id=\"41efab1b-3dba-472d-bcca-2bc833b50288\" dir=\"auto\" class=\"min-h-8 text-message relative flex w-full flex-col items-end gap-2 whitespace-normal break-words text-start [.text-message+&amp;]:mt-5\" data-message-model-slug=\"gpt-4o-mini\">\n<div class=\"flex w-full flex-col gap-1 empty:hidden first:pt-[3px]\">\n<div class=\"markdown prose w-full break-words dark:prose-invert dark\">\n<p data-start=\"33\" data-end=\"82\" data-is-last-node=\"\" data-is-only-node=\"\">Nettoyage et entretien sur diff\u00e9rentes finitions.<\/p>\n<\/div>\n<\/div>\n<\/div>\n<\/div>\n<\/div>\n<\/div>\n<\/div>\n<\/div>\n<\/article>\n<\/h2>\n<div>\n<p>Les sols en terrazzo peuvent avoir diff\u00e9rentes finitions, chacune n\u00e9cessitant un entretien sp\u00e9cifique :<\/p>\n<p>\u2013 <strong>Terrazzo poli<\/strong> : facile \u00e0 nettoyer, il n\u00e9cessite uniquement des d\u00e9tergents neutres et, occasionnellement, un polissage pour maintenir sa brillance.<\/p>\n<p>\u2013 <strong>Terrazzo mat ou satin\u00e9<\/strong> : moins sujet aux rayures, mais n\u00e9cessite des produits sp\u00e9cifiques pour \u00e9viter l&rsquo;opacification.<\/p>\n<p>\u2013 <strong>Terrazzo trait\u00e9 avec de la r\u00e9sine<\/strong> : il b\u00e9n\u00e9ficie d&rsquo;une protection suppl\u00e9mentaire contre les taches, mais doit \u00eatre nettoy\u00e9 avec des produits sans solvants agressifs.<\/p>\n<\/div>\n<h2>Nettoyage \u00e9cologique<\/h2>\n<div>\n<p data-start=\"33\" data-end=\"148\">Les sols Belotti Tiles sont un choix durable et peuvent \u00eatre entretenus avec des produits naturels et \u00e9cologiques :<\/p>\n<p data-start=\"150\" data-end=\"203\">\u2013 <strong>Bicarbonate de soude<\/strong> et <strong>eau<\/strong> pour un nettoyage doux.<\/p>\n<p data-start=\"205\" data-end=\"274\">\u2013 <strong>Savon de Marseille<\/strong> pour enlever la salet\u00e9 sans agresser la surface.<\/p>\n<p data-start=\"276\" data-end=\"358\" data-is-last-node=\"\" data-is-only-node=\"\">\u2013<strong> Huiles naturelles<\/strong> pour raviver la brillance sans recourir \u00e0 des cires chimiques.<\/p>\n<\/div>\n<div>\n<p>En suivant ces conseils de nettoyage et d&rsquo;entretien, votre sol en terrazzo Belotti Tiles conservera sa beaut\u00e9 originale pendant de nombreuses ann\u00e9es. Il suffit de choisir les bons produits et de consacrer quelques minutes \u00e0 l&rsquo;entretien quotidien pour avoir toujours un sol lumineux, \u00e9l\u00e9gant et r\u00e9sistant.<\/p>\n<\/div>\n<p><p>\n        <a href=\"\/wp-content\/uploads\/2025\/03\/Nettoyage-et-Entretien-Agglostyle22.pdf\">Download<\/a>\n    <\/p>\n<\/p>\n<p><img decoding=\"async\" src=\"\/wp-content\/uploads\/2024\/10\/1082-3.webp\" alt=\"\"><\/p>\n<p><!--more--><br \/>\n<!-- {\"type\":\"layout\",\"children\":[{\"name\":\"agglomerati\",\"type\":\"section\",\"props\":{\"animation\":\"slide-left-small\",\"animation_delay\":false,\"image_position\":\"top-center\",\"padding\":\"small\",\"padding_remove_top\":true,\"style\":\"default\",\"title_breakpoint\":\"xl\",\"title_position\":\"top-left\",\"title_rotation\":\"left\",\"vertical_align\":\"\",\"width\":\"xlarge\"},\"children\":[{\"type\":\"row\",\"props\":{\"margin\":\"xlarge\",\"margin_remove_top\":true,\"width\":\"small\"},\"children\":[{\"type\":\"column\",\"props\":{\"image_position\":\"center-center\",\"position_sticky_breakpoint\":\"m\",\"width_medium\":\"1-1\"},\"children\":[{\"type\":\"headline\",\"props\":{\"block_align\":\"center\",\"content\":\"Nettoyage et entretien\",\"margin_remove_top\":true,\"maxwidth\":\"2xlarge\",\"text_align\":\"center\",\"title_element\":\"div\",\"title_style\":\"heading-small\"}},{\"type\":\"text\",\"props\":{\"column_breakpoint\":\"m\",\"content\":\"\n\n<p>Les marbres reconstitu\\u00e9s sont r\\u00e9sistants, faciles \\u00e0 entretenir et conservent longtemps leur aspect d'origine, m\\u00eame dans des conditions de forte charge<\\\/p>\",\"margin\":\"default\",\"text_align\":\"center\"}}]}]}]},{\"name\":\"inizio\",\"type\":\"section\",\"props\":{\"animation\":\"slide-left-small\",\"animation_delay\":false,\"image_position\":\"top-center\",\"padding_remove_top\":true,\"style\":\"default\",\"title_breakpoint\":\"xl\",\"title_position\":\"top-left\",\"title_rotation\":\"left\",\"vertical_align\":\"\",\"width\":\"xlarge\"},\"children\":[{\"type\":\"row\",\"props\":{\"column_gap\":\"collapse\",\"layout\":\"1-2,1-2\",\"margin\":\"xlarge\",\"row_gap\":\"collapse\"},\"children\":[{\"type\":\"column\",\"props\":{\"css\":\".el-column {\\n\\tmin-height: 500px;\\n}\",\"image\":\"wp-content\\\/uploads\\\/2025\\\/03\\\/Pulizia-2.jpg\",\"image_position\":\"center-center\",\"image_size\":\"cover\",\"position_sticky_breakpoint\":\"m\",\"width_large\":\"1-2\"}},{\"type\":\"column\",\"props\":{\"image\":\"wp-content\\\/uploads\\\/yootheme\\\/residences-bg.svg\",\"image_height\":\"910\",\"image_position\":\"center-center\",\"image_size\":\"cover\",\"image_width\":\"1300\",\"order_first\":\"l\",\"padding\":\"large\",\"position_sticky_breakpoint\":\"m\",\"style\":\"tile-muted\",\"width_large\":\"1-2\"},\"children\":[{\"type\":\"headline\",\"props\":{\"block_align\":\"center\",\"content\":\"Nettoyage quotidien\",\"maxwidth\":\"large\",\"title_element\":\"h2\"}},{\"type\":\"text\",\"props\":{\"block_align\":\"center\",\"column_breakpoint\":\"m\",\"content\":\"\n\n<p>Gr\\u00e2ce \\u00e0 leur surface compacte et non poreuse, les sols en terrazzo sont faciles \\u00e0 nettoyer et n\\u00e9cessitent peu d'entretien. Pour le nettoyage quotidien, suivez ces \\u00e9tapes simples :<\\\/p>\\n\n\n<p>\\u2013 <strong>Retrait de la poussi\\u00e8re<\\\/strong> : utilisez un balai doux, une serpill\\u00e8re en microfibre ou un aspirateur avec des brosses d\\u00e9licates pour \\u00e9liminer la salet\\u00e9 et les d\\u00e9bris.<\\\/p>\\n\n\n<p>\\u2013 <strong>Lavage avec des d\\u00e9tergents neutres<\\\/strong> : nettoyez avec de l'eau ti\\u00e8de et un d\\u00e9tergent au pH neutre, en \\u00e9vitant les produits agressifs qui pourraient ternir la surface.<\\\/p>\\n\n\n<p>\\u2013 <strong>S\\u00e9chage imm\\u00e9diat<\\\/strong> : pour \\u00e9viter les traces ou l'accumulation d'eau, s\\u00e9chez le sol avec un chiffon doux.<\\\/p>\",\"margin\":\"\",\"maxwidth\":\"large\",\"text_align\":\"left\"}}]}]},{\"type\":\"row\",\"props\":{\"column_gap\":\"collapse\",\"layout\":\"1-2,1-2\",\"margin\":\"xlarge\",\"row_gap\":\"collapse\"},\"children\":[{\"type\":\"column\",\"props\":{\"css\":\".el-column {\\n\\tmin-height: 500px;\\n}\",\"image\":\"wp-content\\\/uploads\\\/2025\\\/03\\\/Pulizia-3.jpg\",\"image_height\":\"910\",\"image_loading\":true,\"image_position\":\"center-center\",\"image_size\":\"cover\",\"image_width\":\"1300\",\"position_sticky_breakpoint\":\"m\",\"width_large\":\"1-2\"}},{\"type\":\"column\",\"props\":{\"image\":\"wp-content\\\/uploads\\\/yootheme\\\/residences-bg.svg\",\"image_height\":\"910\",\"image_position\":\"center-center\",\"image_size\":\"cover\",\"image_width\":\"1300\",\"padding\":\"large\",\"position_sticky_breakpoint\":\"m\",\"style\":\"tile-muted\",\"width_large\":\"1-2\"},\"children\":[{\"type\":\"headline\",\"props\":{\"block_align\":\"center\",\"content\":\"\n\n<p>Ce qu'il faut \\u00e9viter pour prot\\u00e9ger le sol<\\\/p>\",\"maxwidth\":\"large\",\"title_element\":\"h2\"}},{\"type\":\"text\",\"props\":{\"block_align\":\"center\",\"column_breakpoint\":\"m\",\"content\":\"\n\n<p>Pour pr\\u00e9server la brillance et la qualit\\u00e9 de votre sol en terrazzo, il est important d'\\u00e9viter l'utilisation de produits ou d'outils abrasifs :<\\\/p>\\n\n\n<p>\\u2013 <strong>Acides et substances corrosives<\\\/strong> : l'eau de javel, l'ammoniaque, le vinaigre et d'autres d\\u00e9tergents agressifs peuvent endommager la finition du terrazzo.<\\\/p>\\n\n\n<p>\\u2013 <strong>\\u00c9ponges abrasives ou tampons m\\u00e9talliques<\\\/strong> : ils peuvent rayer la surface et r\\u00e9duire la brillance.<\\\/p>\\n\n\n<p>\\u2013 <strong>Exc\\u00e8s d'eau stagnante<\\\/strong> : surtout sur les sols non trait\\u00e9s avec des finitions hydrophobes.<\\\/p>\",\"margin\":\"\",\"maxwidth\":\"large\"}}]}]},{\"type\":\"row\",\"props\":{\"column_gap\":\"collapse\",\"layout\":\"1-2,1-2\",\"margin\":\"xlarge\",\"row_gap\":\"collapse\"},\"children\":[{\"type\":\"column\",\"props\":{\"css\":\".el-column {\\n\\tmin-height: 500px;\\n}\",\"image\":\"wp-content\\\/uploads\\\/2025\\\/02\\\/Pulizia.jpg\",\"image_height\":\"910\",\"image_position\":\"center-center\",\"image_size\":\"cover\",\"image_width\":\"1300\",\"media_focal_point\":\"center-left\",\"position_sticky_breakpoint\":\"m\",\"width_large\":\"1-2\"}},{\"type\":\"column\",\"props\":{\"image\":\"wp-content\\\/uploads\\\/yootheme\\\/residences-bg.svg\",\"image_height\":\"910\",\"image_position\":\"center-center\",\"image_size\":\"cover\",\"image_width\":\"1300\",\"order_first\":\"l\",\"padding\":\"large\",\"position_sticky_breakpoint\":\"m\",\"style\":\"tile-muted\",\"width_large\":\"1-2\"},\"children\":[{\"type\":\"headline\",\"props\":{\"block_align\":\"center\",\"content\":\"Entretien exceptionnel\",\"maxwidth\":\"large\",\"title_element\":\"h2\"}},{\"type\":\"text\",\"props\":{\"block_align\":\"center\",\"column_breakpoint\":\"m\",\"content\":\"\n\n<p data-start=\\\"33\\\" data-end=\\\"159\\\">En plus du nettoyage quotidien, un entretien p\\u00e9riodique aide \\u00e0 maintenir le sol toujours brillant et prot\\u00e9g\\u00e9 au fil du temps :<\\\/p>\\n\n\n<p data-start=\\\"161\\\" data-end=\\\"347\\\">\\u2013 <strong>Polissage p\\u00e9riodique<\\\/strong> : si le sol perd de sa brillance, vous pouvez utiliser une cire sp\\u00e9cifique pour terrazzo ou opter pour une cristallisation professionnelle pour raviver la surface.<\\\/p>\\n\n\n<p data-start=\\\"349\\\" data-end=\\\"536\\\">\\u2013 <strong>Traitements protecteurs<\\\/strong> : l'application d'un scellant hydro-ol\\u00e9ophobe aide \\u00e0 pr\\u00e9venir les taches et les infiltrations de liquides, am\\u00e9liorant ainsi la r\\u00e9sistance aux substances grasses.<\\\/p>\\n\n\n<p data-start=\\\"538\\\" data-end=\\\"723\\\" data-is-last-node=\\\"\\\" data-is-only-node=\\\"\\\">\\u2013 <strong>\\u00c9limination des taches tenaces<\\\/strong> : pour les taches de vin, de caf\\u00e9 ou de graisse, utilisez des produits sp\\u00e9cifiques pour terrazzo ou des solutions douces \\u00e0 base de bicarbonate de soude.<\\\/p>\",\"margin\":\"\",\"maxwidth\":\"large\"}}]}]},{\"type\":\"row\",\"props\":{\"column_gap\":\"collapse\",\"layout\":\"1-2,1-2\",\"margin\":\"xlarge\",\"row_gap\":\"collapse\"},\"children\":[{\"type\":\"column\",\"props\":{\"css\":\".el-column {\\n\\tmin-height: 500px;\\n}\",\"image\":\"wp-content\\\/uploads\\\/2024\\\/10\\\/Bespoke-mix-3.webp\",\"image_height\":\"910\",\"image_position\":\"center-center\",\"image_size\":\"cover\",\"image_width\":\"1300\",\"position_sticky_breakpoint\":\"m\",\"width_large\":\"1-2\"}},{\"type\":\"column\",\"props\":{\"image\":\"wp-content\\\/uploads\\\/yootheme\\\/residences-bg.svg\",\"image_height\":\"910\",\"image_position\":\"center-center\",\"image_size\":\"cover\",\"image_width\":\"1300\",\"padding\":\"large\",\"position_sticky_breakpoint\":\"m\",\"style\":\"tile-muted\",\"width_large\":\"1-2\"},\"children\":[{\"type\":\"headline\",\"props\":{\"block_align\":\"center\",\"content\":\"\n\n<article class=\\\"w-full text-token-text-primary focus-visible:outline-2 focus-visible:outline-offset-[-4px]\\\" dir=\\\"auto\\\" data-testid=\\\"conversation-turn-81\\\" data-scroll-anchor=\\\"false\\\">\\n\n\n<div class=\\\"text-base my-auto mx-auto py-[18px] px-6\\\">\\n\n\n<div class=\\\"mx-auto flex flex-1 text-base gap-4 md:gap-5 lg:gap-6 md:max-w-3xl\\\">\\n\n\n<div class=\\\"group\\\/conversation-turn relative flex w-full min-w-0 flex-col agent-turn @xs\\\/thread:px-0 @sm\\\/thread:px-1.5 @md\\\/thread:px-4\\\">\\n\n\n<div class=\\\"flex-col gap-1 md:gap-3\\\">\\n\n\n<div class=\\\"flex max-w-full flex-col flex-grow\\\">\\n\n\n<div data-message-author-role=\\\"assistant\\\" data-message-id=\\\"41efab1b-3dba-472d-bcca-2bc833b50288\\\" dir=\\\"auto\\\" class=\\\"min-h-8 text-message relative flex w-full flex-col items-end gap-2 whitespace-normal break-words text-start [.text-message+&amp;]:mt-5\\\" data-message-model-slug=\\\"gpt-4o-mini\\\">\\n\n\n<div class=\\\"flex w-full flex-col gap-1 empty:hidden first:pt-[3px]\\\">\\n\n\n<div class=\\\"markdown prose w-full break-words dark:prose-invert dark\\\">\\n\n\n<p data-start=\\\"33\\\" data-end=\\\"82\\\" data-is-last-node=\\\"\\\" data-is-only-node=\\\"\\\">Nettoyage et entretien sur diff\\u00e9rentes finitions.<br \\\/><br \\\/><\\\/p>\\n<\\\/div>\\n<\\\/div>\\n<\\\/div>\\n<\\\/div>\\n<\\\/div>\\n<\\\/div>\\n<\\\/div>\\n<\\\/div>\\n<\\\/article>\",\"maxwidth\":\"large\",\"title_element\":\"h2\"}},{\"type\":\"text\",\"props\":{\"block_align\":\"center\",\"column_breakpoint\":\"m\",\"content\":\"\n\n<p>Les sols en terrazzo peuvent avoir diff\\u00e9rentes finitions, chacune n\\u00e9cessitant un entretien sp\\u00e9cifique :<\\\/p>\\n\n\n<p>\\u2013 <strong>Terrazzo poli<\\\/strong> : facile \\u00e0 nettoyer, il n\\u00e9cessite uniquement des d\\u00e9tergents neutres et, occasionnellement, un polissage pour maintenir sa brillance.<\\\/p>\\n\n\n<p>\\u2013 <strong>Terrazzo mat ou satin\\u00e9<\\\/strong> : moins sujet aux rayures, mais n\\u00e9cessite des produits sp\\u00e9cifiques pour \\u00e9viter l'opacification.<\\\/p>\\n\n\n<p>\\u2013 <strong>Terrazzo trait\\u00e9 avec de la r\\u00e9sine<\\\/strong> : il b\\u00e9n\\u00e9ficie d'une protection suppl\\u00e9mentaire contre les taches, mais doit \\u00eatre nettoy\\u00e9 avec des produits sans solvants agressifs.<\\\/p>\",\"margin\":\"\",\"maxwidth\":\"large\"}}]}]},{\"type\":\"row\",\"props\":{\"column_gap\":\"collapse\",\"layout\":\"1-2,1-2\",\"margin\":\"xlarge\",\"row_gap\":\"collapse\"},\"children\":[{\"type\":\"column\",\"props\":{\"css\":\".el-column {\\n\\tmin-height: 500px;\\n}\",\"image\":\"wp-content\\\/uploads\\\/2024\\\/10\\\/871-5.webp\",\"image_height\":\"910\",\"image_position\":\"center-center\",\"image_size\":\"cover\",\"image_width\":\"1300\",\"media_focal_point\":\"center-left\",\"position_sticky_breakpoint\":\"m\",\"width_large\":\"1-2\"}},{\"type\":\"column\",\"props\":{\"image\":\"wp-content\\\/uploads\\\/yootheme\\\/residences-bg.svg\",\"image_height\":\"910\",\"image_position\":\"center-center\",\"image_size\":\"cover\",\"image_width\":\"1300\",\"order_first\":\"l\",\"padding\":\"large\",\"position_sticky_breakpoint\":\"m\",\"style\":\"tile-muted\",\"width_large\":\"1-2\"},\"children\":[{\"type\":\"headline\",\"props\":{\"block_align\":\"center\",\"content\":\"Nettoyage \\u00e9cologique\",\"maxwidth\":\"large\",\"title_element\":\"h2\"}},{\"type\":\"text\",\"props\":{\"block_align\":\"center\",\"column_breakpoint\":\"m\",\"content\":\"\n\n<p data-start=\\\"33\\\" data-end=\\\"148\\\">Les sols Belotti Tiles sont un choix durable et peuvent \\u00eatre entretenus avec des produits naturels et \\u00e9cologiques :<\\\/p>\\n\n\n<p data-start=\\\"150\\\" data-end=\\\"203\\\">\\u2013 <strong>Bicarbonate de soude<\\\/strong> et <strong>eau<\\\/strong> pour un nettoyage doux.<\\\/p>\\n\n\n<p data-start=\\\"205\\\" data-end=\\\"274\\\">\\u2013 <strong>Savon de Marseille<\\\/strong> pour enlever la salet\\u00e9 sans agresser la surface.<\\\/p>\\n\n\n<p data-start=\\\"276\\\" data-end=\\\"358\\\" data-is-last-node=\\\"\\\" data-is-only-node=\\\"\\\">\\u2013<strong> Huiles naturelles<\\\/strong> pour raviver la brillance sans recourir \\u00e0 des cires chimiques.<\\\/p>\",\"margin\":\"\",\"maxwidth\":\"large\"}}]}]}]},{\"type\":\"section\",\"props\":{\"image_position\":\"center-center\",\"padding_remove_top\":false,\"style\":\"default\",\"title_breakpoint\":\"xl\",\"title_position\":\"top-left\",\"title_rotation\":\"left\",\"vertical_align\":\"middle\",\"width\":\"default\"},\"children\":[{\"type\":\"row\",\"props\":{\"layout\":\"1-2,1-2\",\"width\":\"default\"},\"children\":[{\"type\":\"column\",\"props\":{\"image_position\":\"center-center\",\"position_sticky_breakpoint\":\"m\",\"width_medium\":\"1-2\"},\"children\":[{\"type\":\"text\",\"props\":{\"column_breakpoint\":\"m\",\"content\":\"\n\n<p>En suivant ces conseils de nettoyage et d'entretien, votre sol en terrazzo Belotti Tiles conservera sa beaut\\u00e9 originale pendant de nombreuses ann\\u00e9es. Il suffit de choisir les bons produits et de consacrer quelques minutes \\u00e0 l'entretien quotidien pour avoir toujours un sol lumineux, \\u00e9l\\u00e9gant et r\\u00e9sistant.<\\\/p>\",\"margin\":\"default\",\"text_align\":\"left\"}},{\"type\":\"button\",\"props\":{\"grid_column_gap\":\"small\",\"grid_row_gap\":\"small\",\"margin\":\"default\"},\"children\":[{\"type\":\"button_item\",\"props\":{\"button_style\":\"secondary\",\"content\":\"Download\",\"dialog_layout\":\"modal\",\"dialog_offcanvas_flip\":true,\"icon_align\":\"left\",\"link\":\"wp-content\\\/uploads\\\/2025\\\/03\\\/Nettoyage-et-Entretien-Agglostyle22.pdf\",\"link_target\":\"blank\"}}]}]},{\"type\":\"column\",\"props\":{\"image_position\":\"center-center\",\"position_sticky_breakpoint\":\"m\",\"width_medium\":\"1-2\"},\"children\":[{\"type\":\"image\",\"props\":{\"image\":\"wp-content\\\/uploads\\\/2024\\\/10\\\/1082-3.webp\",\"image_height\":500,\"image_svg_color\":\"emphasis\",\"image_width\":700,\"margin\":\"default\"}}]}]}]}],\"version\":\"4.5.7\"} --><\/p>\n","protected":false},"excerpt":{"rendered":"<p>Nettoyage et entretien Les marbres reconstitu\u00e9s sont r\u00e9sistants, faciles \u00e0 entretenir et conservent longtemps leur aspect d&rsquo;origine, m\u00eame dans des conditions de forte charge Nettoyage quotidien Gr\u00e2ce \u00e0 leur surface compacte et non poreuse, les sols en terrazzo sont faciles \u00e0 nettoyer et n\u00e9cessitent peu d&rsquo;entretien. Pour le nettoyage quotidien, suivez ces \u00e9tapes simples : [&hellip;]<\/p>\n","protected":false},"author":1,"featured_media":0,"parent":3520,"menu_order":0,"comment_status":"closed","ping_status":"closed","template":"","meta":{"_acf_changed":false,"footnotes":""},"class_list":["post-3523","page","type-page","status-publish","hentry"],"acf":[],"_links":{"self":[{"href":"https:\/\/www.belottiterrazzo.com\/fr\/wp-json\/wp\/v2\/pages\/3523","targetHints":{"allow":["GET"]}}],"collection":[{"href":"https:\/\/www.belottiterrazzo.com\/fr\/wp-json\/wp\/v2\/pages"}],"about":[{"href":"https:\/\/www.belottiterrazzo.com\/fr\/wp-json\/wp\/v2\/types\/page"}],"author":[{"embeddable":true,"href":"https:\/\/www.belottiterrazzo.com\/fr\/wp-json\/wp\/v2\/users\/1"}],"replies":[{"embeddable":true,"href":"https:\/\/www.belottiterrazzo.com\/fr\/wp-json\/wp\/v2\/comments?post=3523"}],"version-history":[{"count":16,"href":"https:\/\/www.belottiterrazzo.com\/fr\/wp-json\/wp\/v2\/pages\/3523\/revisions"}],"predecessor-version":[{"id":3748,"href":"https:\/\/www.belottiterrazzo.com\/fr\/wp-json\/wp\/v2\/pages\/3523\/revisions\/3748"}],"up":[{"embeddable":true,"href":"https:\/\/www.belottiterrazzo.com\/fr\/wp-json\/wp\/v2\/pages\/3520"}],"wp:attachment":[{"href":"https:\/\/www.belottiterrazzo.com\/fr\/wp-json\/wp\/v2\/media?parent=3523"}],"curies":[{"name":"wp","href":"https:\/\/api.w.org\/{rel}","templated":true}]}}