{"id":3782,"date":"2024-10-31T14:43:27","date_gmt":"2024-10-31T14:43:27","guid":{"rendered":"https:\/\/belottiterrazzo.com\/area-tecnica\/pulizia-e-manutenzione\/"},"modified":"2025-03-07T11:42:49","modified_gmt":"2025-03-07T11:42:49","slug":"reinigung-und-instandhaltung","status":"publish","type":"page","link":"https:\/\/www.belottiterrazzo.com\/de\/technischer-bereich\/reinigung-und-instandhaltung\/","title":{"rendered":"Reinigung und Instandhaltung"},"content":{"rendered":"<div>Reinigung und Instandhaltung<\/div>\n<div>\n<p>Die Terrazzo-B\u00f6den von Belotti Tiles sind bekannt f\u00fcr ihre Eleganz, Widerstandsf\u00e4higkeit und Langlebigkeit. Um jedoch ihre Sch\u00f6nheit zu bewahren und die Qualit\u00e4t zu erhalten, ist es wichtig, einige einfache, aber effektive Reinigungs- und Wartungspraktiken zu befolgen.<\/p>\n<\/div>\n<h2>\n<article class=\"w-full text-token-text-primary focus-visible:outline-2 focus-visible:outline-offset-[-4px]\" dir=\"auto\" data-testid=\"conversation-turn-93\" data-scroll-anchor=\"true\">\n<div class=\"text-base my-auto mx-auto py-[18px] px-6\">\n<div class=\"mx-auto flex flex-1 text-base gap-4 md:gap-5 lg:gap-6 md:max-w-3xl\">\n<div class=\"group\/conversation-turn relative flex w-full min-w-0 flex-col agent-turn @xs\/thread:px-0 @sm\/thread:px-1.5 @md\/thread:px-4\">\n<div class=\"flex-col gap-1 md:gap-3\">\n<div class=\"flex max-w-full flex-col flex-grow\">\n<div data-message-author-role=\"assistant\" data-message-id=\"94efdf0e-f88c-40df-9d7a-7e9052e25f5f\" dir=\"auto\" class=\"min-h-8 text-message relative flex w-full flex-col items-end gap-2 whitespace-normal break-words text-start [.text-message+&amp;]:mt-5\" data-message-model-slug=\"gpt-4o-mini\">\n<div class=\"flex w-full flex-col gap-1 empty:hidden first:pt-[3px]\">\n<div class=\"markdown prose w-full break-words dark:prose-invert dark\">\n<p data-start=\"0\" data-end=\"18\" data-is-last-node=\"\" data-is-only-node=\"\">T\u00e4gliche Reinigung<\/p>\n<\/div>\n<\/div>\n<\/div>\n<\/div>\n<\/div>\n<\/div>\n<\/div>\n<\/div>\n<\/article>\n<\/h2>\n<div>\n<p data-start=\"0\" data-end=\"188\">Dank ihrer kompakten und nicht por\u00f6sen Oberfl\u00e4che sind Terrazzo-B\u00f6den einfach zu reinigen und erfordern nur wenig Wartung. F\u00fcr die t\u00e4gliche Reinigung befolgen Sie diese einfachen Schritte:<\/p>\n<p data-start=\"190\" data-end=\"353\">\u2013 <strong data-start=\"192\" data-end=\"211\">Staubentfernung<\/strong>: Verwenden Sie einen weichen Besen, ein Mikrofaser-Mopp oder einen Staubsauger mit sanften B\u00fcrsten, um Schmutz und Ablagerungen zu entfernen.<\/p>\n<p data-start=\"355\" data-end=\"556\">\u2013 <strong data-start=\"357\" data-end=\"402\">Reinigung mit neutralen Reinigungsmitteln<\/strong>: Wischen Sie mit lauwarmem Wasser und einem pH-neutralen Reinigungsmittel, und vermeiden Sie aggressive Produkte, die die Oberfl\u00e4che matt machen k\u00f6nnten.<\/p>\n<\/p>\n<p data-start=\"558\" data-end=\"680\" data-is-last-node=\"\" data-is-only-node=\"\">\u2013 <strong data-start=\"560\" data-end=\"583\">Sofortiges Trocknen<\/strong>: Um Flecken oder Wasseransammlungen zu vermeiden, trocknen Sie den Boden mit einem weichen Tuch.<\/p>\n<\/div>\n<h2>\n<p data-start=\"0\" data-end=\"50\">Was zu vermeiden ist, um den Boden zu sch\u00fctzen<\/p>\n<\/h2>\n<div>\n<p>Um den Glanz und die Qualit\u00e4t Ihres Terrazzo-Bodens zu erhalten, ist es wichtig, abrasive Produkte oder Werkzeuge zu vermeiden:<\/p>\n<\/p>\n<p>\u2013 <strong>S\u00e4uren und \u00e4tzende Substanzen<\/strong>: Bleichmittel, Ammoniak, Essig und andere aggressive Reinigungsmittel k\u00f6nnen die Oberfl\u00e4che des Terrazzo besch\u00e4digen.<\/p>\n<\/p>\n<p>\u2013 <strong>Abrasive Schw\u00e4mme oder Stahlwolle<\/strong>: Diese k\u00f6nnen die Oberfl\u00e4che zerkratzen und den Glanz verringern.<\/p>\n<\/p>\n<p>\u2013 <strong>\u00dcberm\u00e4\u00dfiges stehendes Wasser<\/strong>: Besonders bei B\u00f6den, die nicht mit wasserabweisenden Oberfl\u00e4chenbehandlungen versehen sind.<\/p>\n<\/div>\n<h2>Au\u00dfergew\u00f6hnliche Wartung<\/h2>\n<div>\n<p class=\"MsoNormal\">Neben der t\u00e4glichen Reinigung hilft eine regelm\u00e4\u00dfige Wartung, den Boden stets gl\u00e4nzend und \u00fcber die Zeit gesch\u00fctzt zu halten:<\/p>\n<p data-start=\"188\" data-end=\"400\">\u2013 <strong data-start=\"190\" data-end=\"213\">Periodische Politur<\/strong>: Wenn der Boden an Glanz verliert, k\u00f6nnen Sie ein spezielles Wachs f\u00fcr Terrazzo verwenden oder sich f\u00fcr eine professionelle Kristallisierung entscheiden, um die Oberfl\u00e4che aufzufrischen.<\/p>\n<p data-start=\"402\" data-end=\"633\">\u2013 <strong data-start=\"404\" data-end=\"426\">Schutzbehandlungen<\/strong>: Die Anwendung eines wasser- und \u00f6labweisenden Versiegelungsmittels hilft, Flecken und das Eindringen von Fl\u00fcssigkeiten zu verhindern und verbessert die Widerstandsf\u00e4higkeit gegen\u00fcber \u00f6lhaltigen Substanzen.<\/p>\n<p data-start=\"635\" data-end=\"805\" data-is-last-node=\"\" data-is-only-node=\"\">\u2013 <strong data-start=\"637\" data-end=\"676\">Entfernung von hartn\u00e4ckigen Flecken<\/strong>: Bei Flecken von Wein, Kaffee oder Fett verwenden Sie spezielle Produkte f\u00fcr Terrazzo oder sanfte L\u00f6sungen auf Basis von Natron.<\/p>\n<\/div>\n<h2>\n<p data-start=\"115\" data-end=\"225\">\n<p data-start=\"58\" data-end=\"113\"><b>Reinigung und Wartung von verschiedenen Oberfl\u00e4chen<\/b><\/p>\n<p data-start=\"58\" data-end=\"113\">\n<\/h2>\n<div>\n<p data-start=\"115\" data-end=\"225\">Terrazzo-B\u00f6den k\u00f6nnen verschiedene Oberfl\u00e4chenbehandlungen haben, jede mit spezifischen Wartungsanforderungen:<\/p>\n<p data-start=\"227\" data-end=\"666\" data-is-last-node=\"\" data-is-only-node=\"\">\u2013 <strong data-start=\"229\" data-end=\"251\">Polierter Terrazzo<\/strong>: Einfach zu reinigen, ben\u00f6tigt nur neutrale Reinigungsmittel und gelegentlich eine Politur, um den Glanz zu erhalten.<\/p>\n<p data-start=\"227\" data-end=\"666\" data-is-last-node=\"\" data-is-only-node=\"\">\u2013 <strong data-start=\"372\" data-end=\"404\">Matt oder satiniert Terrazzo<\/strong>: Weniger anf\u00e4llig f\u00fcr Kratzer, erfordert jedoch spezielle Produkte, um die Mattheit zu vermeiden.<\/p>\n<p data-start=\"227\" data-end=\"666\" data-is-last-node=\"\" data-is-only-node=\"\">\u2013 <strong data-start=\"505\" data-end=\"549\">Mit Harz behandelte Terrazzo-Oberfl\u00e4chen<\/strong>: Bietet zus\u00e4tzlichen Schutz gegen Flecken, muss jedoch mit Produkten ohne aggressive L\u00f6sungsmittel gereinigt werden.<\/p>\n<\/div>\n<h2>Umweltfreundliche Reinigung<\/h2>\n<div>\n<p class=\"MsoNormal\">Die B\u00f6den von Belotti Tiles sind eine nachhaltige Wahl und k\u00f6nnen mit nat\u00fcrlichen und umweltfreundlichen Produkten gepflegt werden:<\/p>\n<p class=\"MsoNormal\">\u2013 <strong>Natron<\/strong> und <strong>Wasser<\/strong> f\u00fcr eine sanfte Reinigung.<\/p>\n<p class=\"MsoNormal\">\u2013 <strong>Marsigliaseife<\/strong>, um Schmutz zu entfernen, ohne die Oberfl\u00e4che zu sch\u00e4digen.<\/p>\n<p class=\"MsoNormal\">\u2013 <strong>Nat\u00fcrliche \u00d6le<\/strong>, um den Glanz zu beleben, ohne auf chemische Wachse zur\u00fcckzugreifen.<\/p>\n<\/div>\n<div>\n<div aria-hidden=\"true\" data-edge=\"true\" class=\"pointer-events-none h-px w-px\">\n<p>Wenn Sie diese Tipps zur Reinigung und Wartung befolgen, bleibt Ihr Terrazzo-Boden von Belotti Tiles \u00fcber viele Jahre hinweg in seiner urspr\u00fcnglichen Sch\u00f6nheit erhalten. W\u00e4hlen Sie einfach die richtigen Produkte und widmen Sie der t\u00e4glichen Pflege nur wenige Minuten, um immer einen gl\u00e4nzenden, eleganten und widerstandsf\u00e4higen Boden zu haben.<\/p>\n<\/div>\n<\/div>\n<p><p>\n        <a href=\"\/wp-content\/uploads\/2025\/03\/logo1-copia.pdf\">Download<\/a>\n    <\/p>\n<\/p>\n<p><img decoding=\"async\" src=\"\/wp-content\/uploads\/2024\/10\/1082-3.webp\" alt=\"\"><\/p>\n<p><!--more--><br \/>\n<!-- {\"type\":\"layout\",\"children\":[{\"name\":\"agglomerati\",\"type\":\"section\",\"props\":{\"animation\":\"slide-left-small\",\"animation_delay\":false,\"image_position\":\"top-center\",\"padding\":\"small\",\"padding_remove_top\":true,\"style\":\"default\",\"title_breakpoint\":\"xl\",\"title_position\":\"top-left\",\"title_rotation\":\"left\",\"vertical_align\":\"\",\"width\":\"xlarge\"},\"children\":[{\"type\":\"row\",\"props\":{\"margin\":\"xlarge\",\"margin_remove_top\":true,\"width\":\"small\"},\"children\":[{\"type\":\"column\",\"props\":{\"image_position\":\"center-center\",\"position_sticky_breakpoint\":\"m\",\"width_medium\":\"1-1\"},\"children\":[{\"type\":\"headline\",\"props\":{\"block_align\":\"center\",\"content\":\"Reinigung und Instandhaltung\",\"margin_remove_top\":true,\"maxwidth\":\"2xlarge\",\"text_align\":\"center\",\"title_element\":\"div\",\"title_style\":\"heading-small\"}},{\"type\":\"text\",\"props\":{\"column_breakpoint\":\"m\",\"content\":\"\n\n<p>Die Terrazzo-B\\u00f6den von Belotti Tiles sind bekannt f\\u00fcr ihre Eleganz, Widerstandsf\\u00e4higkeit und Langlebigkeit. Um jedoch ihre Sch\\u00f6nheit zu bewahren und die Qualit\\u00e4t zu erhalten, ist es wichtig, einige einfache, aber effektive Reinigungs- und Wartungspraktiken zu befolgen.<\\\/p>\",\"margin\":\"default\",\"text_align\":\"center\"}}]}]}]},{\"name\":\"inizio\",\"type\":\"section\",\"props\":{\"animation\":\"slide-left-small\",\"animation_delay\":false,\"image_position\":\"top-center\",\"padding_remove_top\":true,\"style\":\"default\",\"title_breakpoint\":\"xl\",\"title_position\":\"top-left\",\"title_rotation\":\"left\",\"vertical_align\":\"\",\"width\":\"xlarge\"},\"children\":[{\"type\":\"row\",\"props\":{\"column_gap\":\"collapse\",\"layout\":\"1-2,1-2\",\"margin\":\"xlarge\",\"row_gap\":\"collapse\"},\"children\":[{\"type\":\"column\",\"props\":{\"css\":\".el-column {\\n\\tmin-height: 500px;\\n}\",\"image\":\"wp-content\\\/uploads\\\/2025\\\/03\\\/Pulizia-2.jpg\",\"image_position\":\"center-center\",\"image_size\":\"cover\",\"position_sticky_breakpoint\":\"m\",\"width_large\":\"1-2\"}},{\"type\":\"column\",\"props\":{\"image\":\"wp-content\\\/uploads\\\/yootheme\\\/residences-bg.svg\",\"image_height\":\"910\",\"image_position\":\"center-center\",\"image_size\":\"cover\",\"image_width\":\"1300\",\"order_first\":\"l\",\"padding\":\"large\",\"position_sticky_breakpoint\":\"m\",\"style\":\"tile-muted\",\"width_large\":\"1-2\"},\"children\":[{\"type\":\"headline\",\"props\":{\"block_align\":\"center\",\"content\":\"\n\n<article class=\\\"w-full text-token-text-primary focus-visible:outline-2 focus-visible:outline-offset-[-4px]\\\" dir=\\\"auto\\\" data-testid=\\\"conversation-turn-93\\\" data-scroll-anchor=\\\"true\\\">\\n\n\n<div class=\\\"text-base my-auto mx-auto py-[18px] px-6\\\">\\n\n\n<div class=\\\"mx-auto flex flex-1 text-base gap-4 md:gap-5 lg:gap-6 md:max-w-3xl\\\">\\n\n\n<div class=\\\"group\\\/conversation-turn relative flex w-full min-w-0 flex-col agent-turn @xs\\\/thread:px-0 @sm\\\/thread:px-1.5 @md\\\/thread:px-4\\\">\\n\n\n<div class=\\\"flex-col gap-1 md:gap-3\\\">\\n\n\n<div class=\\\"flex max-w-full flex-col flex-grow\\\">\\n\n\n<div data-message-author-role=\\\"assistant\\\" data-message-id=\\\"94efdf0e-f88c-40df-9d7a-7e9052e25f5f\\\" dir=\\\"auto\\\" class=\\\"min-h-8 text-message relative flex w-full flex-col items-end gap-2 whitespace-normal break-words text-start [.text-message+&amp;]:mt-5\\\" data-message-model-slug=\\\"gpt-4o-mini\\\">\\n\n\n<div class=\\\"flex w-full flex-col gap-1 empty:hidden first:pt-[3px]\\\">\\n\n\n<div class=\\\"markdown prose w-full break-words dark:prose-invert dark\\\">\\n\n\n<p data-start=\\\"0\\\" data-end=\\\"18\\\" data-is-last-node=\\\"\\\" data-is-only-node=\\\"\\\">T\\u00e4gliche Reinigung<\\\/p>\\n<\\\/div>\\n<\\\/div>\\n<\\\/div>\\n<\\\/div>\\n<\\\/div>\\n<\\\/div>\\n<\\\/div>\\n<\\\/div>\\n<\\\/article>\",\"maxwidth\":\"large\",\"title_element\":\"h2\"}},{\"type\":\"text\",\"props\":{\"block_align\":\"center\",\"column_breakpoint\":\"m\",\"content\":\"\n\n<p data-start=\\\"0\\\" data-end=\\\"188\\\">Dank ihrer kompakten und nicht por\\u00f6sen Oberfl\\u00e4che sind Terrazzo-B\\u00f6den einfach zu reinigen und erfordern nur wenig Wartung. F\\u00fcr die t\\u00e4gliche Reinigung befolgen Sie diese einfachen Schritte:<\\\/p>\\n\n\n<p data-start=\\\"190\\\" data-end=\\\"353\\\">\\u2013 <strong data-start=\\\"192\\\" data-end=\\\"211\\\">Staubentfernung<\\\/strong>: Verwenden Sie einen weichen Besen, ein Mikrofaser-Mopp oder einen Staubsauger mit sanften B\\u00fcrsten, um Schmutz und Ablagerungen zu entfernen.<\\\/p>\\n\n\n<p data-start=\\\"355\\\" data-end=\\\"556\\\">\\u2013 <strong data-start=\\\"357\\\" data-end=\\\"402\\\">Reinigung mit neutralen Reinigungsmitteln<\\\/strong>: Wischen Sie mit lauwarmem Wasser und einem pH-neutralen Reinigungsmittel, und vermeiden Sie aggressive Produkte, die die Oberfl\\u00e4che matt machen k\\u00f6nnten.<\\\/p>\\n\n\n<p><\\\/p>\\n\n\n<p data-start=\\\"558\\\" data-end=\\\"680\\\" data-is-last-node=\\\"\\\" data-is-only-node=\\\"\\\">\\u2013 <strong data-start=\\\"560\\\" data-end=\\\"583\\\">Sofortiges Trocknen<\\\/strong>: Um Flecken oder Wasseransammlungen zu vermeiden, trocknen Sie den Boden mit einem weichen Tuch.<\\\/p>\",\"margin\":\"\",\"maxwidth\":\"large\",\"text_align\":\"left\"}}]}]},{\"type\":\"row\",\"props\":{\"column_gap\":\"collapse\",\"layout\":\"1-2,1-2\",\"margin\":\"xlarge\",\"row_gap\":\"collapse\"},\"children\":[{\"type\":\"column\",\"props\":{\"css\":\".el-column {\\n\\tmin-height: 500px;\\n}\",\"image\":\"wp-content\\\/uploads\\\/2025\\\/03\\\/Pulizia-3.jpg\",\"image_height\":\"910\",\"image_loading\":true,\"image_position\":\"center-center\",\"image_size\":\"cover\",\"image_width\":\"1300\",\"position_sticky_breakpoint\":\"m\",\"width_large\":\"1-2\"}},{\"type\":\"column\",\"props\":{\"image\":\"wp-content\\\/uploads\\\/yootheme\\\/residences-bg.svg\",\"image_height\":\"910\",\"image_position\":\"center-center\",\"image_size\":\"cover\",\"image_width\":\"1300\",\"padding\":\"large\",\"position_sticky_breakpoint\":\"m\",\"style\":\"tile-muted\",\"width_large\":\"1-2\"},\"children\":[{\"type\":\"headline\",\"props\":{\"block_align\":\"center\",\"content\":\"\n\n<p data-start=\\\"0\\\" data-end=\\\"50\\\">Was zu vermeiden ist, um den Boden zu sch\\u00fctzen<\\\/p>\",\"maxwidth\":\"large\",\"title_element\":\"h2\"}},{\"type\":\"text\",\"props\":{\"block_align\":\"center\",\"column_breakpoint\":\"m\",\"content\":\"\n\n<p>Um den Glanz und die Qualit\\u00e4t Ihres Terrazzo-Bodens zu erhalten, ist es wichtig, abrasive Produkte oder Werkzeuge zu vermeiden:<\\\/p>\\n\n\n<p><\\\/p>\\n\n\n<p>\\u2013 <strong>S\\u00e4uren und \\u00e4tzende Substanzen<\\\/strong>: Bleichmittel, Ammoniak, Essig und andere aggressive Reinigungsmittel k\\u00f6nnen die Oberfl\\u00e4che des Terrazzo besch\\u00e4digen.<\\\/p>\\n\n\n<p><\\\/p>\\n\n\n<p>\\u2013 <strong>Abrasive Schw\\u00e4mme oder Stahlwolle<\\\/strong>: Diese k\\u00f6nnen die Oberfl\\u00e4che zerkratzen und den Glanz verringern.<\\\/p>\\n\n\n<p><\\\/p>\\n\n\n<p>\\u2013 <strong>\\u00dcberm\\u00e4\\u00dfiges stehendes Wasser<\\\/strong>: Besonders bei B\\u00f6den, die nicht mit wasserabweisenden Oberfl\\u00e4chenbehandlungen versehen sind.<\\\/p>\",\"margin\":\"\",\"maxwidth\":\"large\"}}]}]},{\"type\":\"row\",\"props\":{\"column_gap\":\"collapse\",\"layout\":\"1-2,1-2\",\"margin\":\"xlarge\",\"row_gap\":\"collapse\"},\"children\":[{\"type\":\"column\",\"props\":{\"css\":\".el-column {\\n\\tmin-height: 500px;\\n}\",\"image\":\"wp-content\\\/uploads\\\/2025\\\/02\\\/Pulizia.jpg\",\"image_height\":\"910\",\"image_position\":\"center-center\",\"image_size\":\"cover\",\"image_width\":\"1300\",\"media_focal_point\":\"center-left\",\"position_sticky_breakpoint\":\"m\",\"width_large\":\"1-2\"}},{\"type\":\"column\",\"props\":{\"image\":\"wp-content\\\/uploads\\\/yootheme\\\/residences-bg.svg\",\"image_height\":\"910\",\"image_position\":\"center-center\",\"image_size\":\"cover\",\"image_width\":\"1300\",\"order_first\":\"l\",\"padding\":\"large\",\"position_sticky_breakpoint\":\"m\",\"style\":\"tile-muted\",\"width_large\":\"1-2\"},\"children\":[{\"type\":\"headline\",\"props\":{\"block_align\":\"center\",\"content\":\"Au\\u00dfergew\\u00f6hnliche Wartung\",\"maxwidth\":\"large\",\"title_element\":\"h2\"}},{\"type\":\"text\",\"props\":{\"block_align\":\"center\",\"column_breakpoint\":\"m\",\"content\":\"\n\n<p class=\\\"MsoNormal\\\">Neben der t\\u00e4glichen Reinigung hilft eine regelm\\u00e4\\u00dfige Wartung, den Boden stets gl\\u00e4nzend und \\u00fcber die Zeit gesch\\u00fctzt zu halten:<\\\/p>\\n\n\n<p data-start=\\\"188\\\" data-end=\\\"400\\\">\\u2013 <strong data-start=\\\"190\\\" data-end=\\\"213\\\">Periodische Politur<\\\/strong>: Wenn der Boden an Glanz verliert, k\\u00f6nnen Sie ein spezielles Wachs f\\u00fcr Terrazzo verwenden oder sich f\\u00fcr eine professionelle Kristallisierung entscheiden, um die Oberfl\\u00e4che aufzufrischen.<\\\/p>\\n\n\n<p data-start=\\\"402\\\" data-end=\\\"633\\\">\\u2013 <strong data-start=\\\"404\\\" data-end=\\\"426\\\">Schutzbehandlungen<\\\/strong>: Die Anwendung eines wasser- und \\u00f6labweisenden Versiegelungsmittels hilft, Flecken und das Eindringen von Fl\\u00fcssigkeiten zu verhindern und verbessert die Widerstandsf\\u00e4higkeit gegen\\u00fcber \\u00f6lhaltigen Substanzen.<\\\/p>\\n\n\n<p data-start=\\\"635\\\" data-end=\\\"805\\\" data-is-last-node=\\\"\\\" data-is-only-node=\\\"\\\">\\u2013 <strong data-start=\\\"637\\\" data-end=\\\"676\\\">Entfernung von hartn\\u00e4ckigen Flecken<\\\/strong>: Bei Flecken von Wein, Kaffee oder Fett verwenden Sie spezielle Produkte f\\u00fcr Terrazzo oder sanfte L\\u00f6sungen auf Basis von Natron.<\\\/p>\",\"margin\":\"\",\"maxwidth\":\"large\"}}]}]},{\"type\":\"row\",\"props\":{\"column_gap\":\"collapse\",\"layout\":\"1-2,1-2\",\"margin\":\"xlarge\",\"row_gap\":\"collapse\"},\"children\":[{\"type\":\"column\",\"props\":{\"css\":\".el-column {\\n\\tmin-height: 500px;\\n}\",\"image\":\"wp-content\\\/uploads\\\/2024\\\/10\\\/Bespoke-mix-3.webp\",\"image_height\":\"910\",\"image_position\":\"center-center\",\"image_size\":\"cover\",\"image_width\":\"1300\",\"position_sticky_breakpoint\":\"m\",\"width_large\":\"1-2\"}},{\"type\":\"column\",\"props\":{\"image\":\"wp-content\\\/uploads\\\/yootheme\\\/residences-bg.svg\",\"image_height\":\"910\",\"image_position\":\"center-center\",\"image_size\":\"cover\",\"image_width\":\"1300\",\"padding\":\"large\",\"position_sticky_breakpoint\":\"m\",\"style\":\"tile-muted\",\"width_large\":\"1-2\"},\"children\":[{\"type\":\"headline\",\"props\":{\"block_align\":\"center\",\"content\":\"\n\n<p data-start=\\\"115\\\" data-end=\\\"225\\\"><\\\/p>\\n\n\n<p data-start=\\\"58\\\" data-end=\\\"113\\\"><b>Reinigung und Wartung von verschiedenen Oberfl\\u00e4chen<\\\/b><\\\/p>\\n\n\n<p data-start=\\\"58\\\" data-end=\\\"113\\\"><\\\/p>\",\"maxwidth\":\"large\",\"title_element\":\"h2\"}},{\"type\":\"text\",\"props\":{\"block_align\":\"center\",\"column_breakpoint\":\"m\",\"content\":\"\n\n<p data-start=\\\"115\\\" data-end=\\\"225\\\">Terrazzo-B\\u00f6den k\\u00f6nnen verschiedene Oberfl\\u00e4chenbehandlungen haben, jede mit spezifischen Wartungsanforderungen:<\\\/p>\\n\n\n<p data-start=\\\"227\\\" data-end=\\\"666\\\" data-is-last-node=\\\"\\\" data-is-only-node=\\\"\\\">\\u2013 <strong data-start=\\\"229\\\" data-end=\\\"251\\\">Polierter Terrazzo<\\\/strong>: Einfach zu reinigen, ben\\u00f6tigt nur neutrale Reinigungsmittel und gelegentlich eine Politur, um den Glanz zu erhalten.<\\\/p>\\n\n\n<p data-start=\\\"227\\\" data-end=\\\"666\\\" data-is-last-node=\\\"\\\" data-is-only-node=\\\"\\\">\\u2013 <strong data-start=\\\"372\\\" data-end=\\\"404\\\">Matt oder satiniert Terrazzo<\\\/strong>: Weniger anf\\u00e4llig f\\u00fcr Kratzer, erfordert jedoch spezielle Produkte, um die Mattheit zu vermeiden.<\\\/p>\\n\n\n<p data-start=\\\"227\\\" data-end=\\\"666\\\" data-is-last-node=\\\"\\\" data-is-only-node=\\\"\\\">\\u2013 <strong data-start=\\\"505\\\" data-end=\\\"549\\\">Mit Harz behandelte Terrazzo-Oberfl\\u00e4chen<\\\/strong>: Bietet zus\\u00e4tzlichen Schutz gegen Flecken, muss jedoch mit Produkten ohne aggressive L\\u00f6sungsmittel gereinigt werden.<\\\/p>\",\"margin\":\"\",\"maxwidth\":\"large\"}}]}]},{\"type\":\"row\",\"props\":{\"column_gap\":\"collapse\",\"layout\":\"1-2,1-2\",\"margin\":\"xlarge\",\"row_gap\":\"collapse\"},\"children\":[{\"type\":\"column\",\"props\":{\"css\":\".el-column {\\n\\tmin-height: 500px;\\n}\",\"image\":\"wp-content\\\/uploads\\\/2024\\\/10\\\/871-5.webp\",\"image_height\":\"910\",\"image_position\":\"center-center\",\"image_size\":\"cover\",\"image_width\":\"1300\",\"media_focal_point\":\"center-left\",\"position_sticky_breakpoint\":\"m\",\"width_large\":\"1-2\"}},{\"type\":\"column\",\"props\":{\"image\":\"wp-content\\\/uploads\\\/yootheme\\\/residences-bg.svg\",\"image_height\":\"910\",\"image_position\":\"center-center\",\"image_size\":\"cover\",\"image_width\":\"1300\",\"order_first\":\"l\",\"padding\":\"large\",\"position_sticky_breakpoint\":\"m\",\"style\":\"tile-muted\",\"width_large\":\"1-2\"},\"children\":[{\"type\":\"headline\",\"props\":{\"block_align\":\"center\",\"content\":\"Umweltfreundliche Reinigung\",\"maxwidth\":\"large\",\"title_element\":\"h2\"}},{\"type\":\"text\",\"props\":{\"block_align\":\"center\",\"column_breakpoint\":\"m\",\"content\":\"\n\n<p class=\\\"MsoNormal\\\">Die B\\u00f6den von Belotti Tiles sind eine nachhaltige Wahl und k\\u00f6nnen mit nat\\u00fcrlichen und umweltfreundlichen Produkten gepflegt werden:<\\\/p>\\n\n\n<p class=\\\"MsoNormal\\\">\\u2013 <strong>Natron<\\\/strong> und <strong>Wasser<\\\/strong> f\\u00fcr eine sanfte Reinigung.<\\\/p>\\n\n\n<p class=\\\"MsoNormal\\\">\\u2013 <strong>Marsigliaseife<\\\/strong>, um Schmutz zu entfernen, ohne die Oberfl\\u00e4che zu sch\\u00e4digen.<\\\/p>\\n\n\n<p class=\\\"MsoNormal\\\">\\u2013 <strong>Nat\\u00fcrliche \\u00d6le<\\\/strong>, um den Glanz zu beleben, ohne auf chemische Wachse zur\\u00fcckzugreifen.<\\\/p>\",\"margin\":\"\",\"maxwidth\":\"large\"}}]}]}]},{\"type\":\"section\",\"props\":{\"image_position\":\"center-center\",\"padding_remove_top\":false,\"style\":\"default\",\"title_breakpoint\":\"xl\",\"title_position\":\"top-left\",\"title_rotation\":\"left\",\"vertical_align\":\"middle\",\"width\":\"default\"},\"children\":[{\"type\":\"row\",\"props\":{\"layout\":\"1-2,1-2\",\"width\":\"default\"},\"children\":[{\"type\":\"column\",\"props\":{\"image_position\":\"center-center\",\"position_sticky_breakpoint\":\"m\",\"width_medium\":\"1-2\"},\"children\":[{\"type\":\"text\",\"props\":{\"column_breakpoint\":\"m\",\"content\":\"\n\n<div aria-hidden=\\\"true\\\" data-edge=\\\"true\\\" class=\\\"pointer-events-none h-px w-px\\\">\\n\n\n<p>Wenn Sie diese Tipps zur Reinigung und Wartung befolgen, bleibt Ihr Terrazzo-Boden von Belotti Tiles \\u00fcber viele Jahre hinweg in seiner urspr\\u00fcnglichen Sch\\u00f6nheit erhalten. W\\u00e4hlen Sie einfach die richtigen Produkte und widmen Sie der t\\u00e4glichen Pflege nur wenige Minuten, um immer einen gl\\u00e4nzenden, eleganten und widerstandsf\\u00e4higen Boden zu haben.<\\\/p>\\n<\\\/div>\",\"margin\":\"default\",\"text_align\":\"left\"}},{\"type\":\"button\",\"props\":{\"grid_column_gap\":\"small\",\"grid_row_gap\":\"small\",\"margin\":\"default\"},\"children\":[{\"type\":\"button_item\",\"props\":{\"button_style\":\"secondary\",\"content\":\"Download\",\"dialog_layout\":\"modal\",\"dialog_offcanvas_flip\":true,\"icon_align\":\"left\",\"link\":\"wp-content\\\/uploads\\\/2025\\\/03\\\/logo1-copia.pdf\",\"link_target\":\"blank\"}}]}]},{\"type\":\"column\",\"props\":{\"image_position\":\"center-center\",\"position_sticky_breakpoint\":\"m\",\"width_medium\":\"1-2\"},\"children\":[{\"type\":\"image\",\"props\":{\"image\":\"wp-content\\\/uploads\\\/2024\\\/10\\\/1082-3.webp\",\"image_height\":500,\"image_svg_color\":\"emphasis\",\"image_width\":700,\"margin\":\"default\"}}]}]}]}],\"version\":\"4.5.7\"} --><\/p>\n","protected":false},"excerpt":{"rendered":"<p>Reinigung und Instandhaltung Die Terrazzo-B\u00f6den von Belotti Tiles sind bekannt f\u00fcr ihre Eleganz, Widerstandsf\u00e4higkeit und Langlebigkeit. Um jedoch ihre Sch\u00f6nheit zu bewahren und die Qualit\u00e4t zu erhalten, ist es wichtig, einige einfache, aber effektive Reinigungs- und Wartungspraktiken zu befolgen. T\u00e4gliche Reinigung Dank ihrer kompakten und nicht por\u00f6sen Oberfl\u00e4che sind Terrazzo-B\u00f6den einfach zu reinigen und erfordern [&hellip;]<\/p>\n","protected":false},"author":1,"featured_media":0,"parent":3779,"menu_order":0,"comment_status":"closed","ping_status":"closed","template":"","meta":{"_acf_changed":false,"footnotes":""},"class_list":["post-3782","page","type-page","status-publish","hentry"],"acf":[],"_links":{"self":[{"href":"https:\/\/www.belottiterrazzo.com\/de\/wp-json\/wp\/v2\/pages\/3782","targetHints":{"allow":["GET"]}}],"collection":[{"href":"https:\/\/www.belottiterrazzo.com\/de\/wp-json\/wp\/v2\/pages"}],"about":[{"href":"https:\/\/www.belottiterrazzo.com\/de\/wp-json\/wp\/v2\/types\/page"}],"author":[{"embeddable":true,"href":"https:\/\/www.belottiterrazzo.com\/de\/wp-json\/wp\/v2\/users\/1"}],"replies":[{"embeddable":true,"href":"https:\/\/www.belottiterrazzo.com\/de\/wp-json\/wp\/v2\/comments?post=3782"}],"version-history":[{"count":19,"href":"https:\/\/www.belottiterrazzo.com\/de\/wp-json\/wp\/v2\/pages\/3782\/revisions"}],"predecessor-version":[{"id":4058,"href":"https:\/\/www.belottiterrazzo.com\/de\/wp-json\/wp\/v2\/pages\/3782\/revisions\/4058"}],"up":[{"embeddable":true,"href":"https:\/\/www.belottiterrazzo.com\/de\/wp-json\/wp\/v2\/pages\/3779"}],"wp:attachment":[{"href":"https:\/\/www.belottiterrazzo.com\/de\/wp-json\/wp\/v2\/media?parent=3782"}],"curies":[{"name":"wp","href":"https:\/\/api.w.org\/{rel}","templated":true}]}}