{"id":3770,"date":"2019-09-04T14:57:03","date_gmt":"2019-09-04T14:57:03","guid":{"rendered":"https:\/\/belottiterrazzo.com\/home\/"},"modified":"2025-03-07T13:33:48","modified_gmt":"2025-03-07T13:33:48","slug":"home","status":"publish","type":"page","link":"https:\/\/www.belottiterrazzo.com\/de\/","title":{"rendered":"Home"},"content":{"rendered":"<div>\n<p>    <img decoding=\"async\" src=\"\/wp-content\/uploads\/2024\/10\/Pavimenti.webp\" alt=\"\"><\/p>\n<h1>Belotti Terrazzo<\/h1>\n<div>\n<p>The ecofriendly Terrazzo<\/p>\n<\/div>\n<\/div>\n<div>Unser Unternehmen<\/div>\n<div>\n<p>Die BELOTTI TILES Group ist f\u00fchrend im Bereich Bodenbel\u00e4ge im Innen- und Au\u00dfenbereich. Die Geschichte des Unternehmens begann im Jahr 1955, seitdem ist das Wachstum des Unternehmens kontinuierlich und unaufhaltsam.<\/p>\n<p>Nach 60 Jahren Erfahrung in der Herstellung von Marmoragglomeraten hat die Belotti Tiles Gruppe ein anspruchsvolles Unternehmen f\u00fcr die Herstellung und Verarbeitung von Stein geschaffen Materialien, die sich immer mehr auf dem Baumarkt auf der ganzen Welt durchsetzen. Dank modernster Systeme, kontinuierlicher Innovation und einem gro\u00dfen Handelsnetzwerk hat das Unternehmen eine f\u00fchrende Rolle eingenommen.<\/p>\n<p>Dar\u00fcber hinaus haben die Erfahrung, die Seriosit\u00e4t und die hohe Qualit\u00e4t der Materialien es ihm erm\u00f6glicht, seine Position einzunehmen Produkte auf dem gr\u00f6\u00dften Teil der Welt.<\/p>\n<\/div>\n<p><p>\n        <a href=\"https:\/\/belottiterrazzo.com\/de\/firma\/\">Finde mehr heraus<\/a>\n    <\/p>\n<\/p>\n<ul>\n<li>\n<p>        <img decoding=\"async\" src=\"\/wp-content\/uploads\/2024\/10\/IMG_7357_JPG.webp\" alt=\"\"><\/p>\n<\/li>\n<li>\n<p>        <img decoding=\"async\" src=\"\/wp-content\/uploads\/2024\/10\/IMG_2500_JPG.webp\" alt=\"\"><\/p>\n<\/li>\n<\/ul>\n<ul>\n<li>\n<p>        <img decoding=\"async\" src=\"\/wp-content\/uploads\/2024\/10\/1153.jpg\" alt=\"\"><\/p>\n<div>1153<\/div>\n<\/li>\n<li>\n<p>        <img decoding=\"async\" src=\"\/wp-content\/uploads\/2024\/10\/1322.jpg\" alt=\"\"><\/p>\n<div>1322<\/div>\n<\/li>\n<li>\n<p>        <img decoding=\"async\" src=\"\/wp-content\/uploads\/2024\/10\/991-New-Red.jpg\" alt=\"\"><\/p>\n<div>991 New Red<\/div>\n<\/li>\n<li>\n<p>        <img decoding=\"async\" src=\"\/wp-content\/uploads\/2024\/10\/963.jpg\" alt=\"\"><\/p>\n<div>963<\/div>\n<\/li>\n<li>\n<p>        <img decoding=\"async\" src=\"\/wp-content\/uploads\/2024\/10\/1398.jpg\" alt=\"\"><\/p>\n<div>1398<\/div>\n<\/li>\n<li>\n<p>        <img decoding=\"async\" src=\"\/wp-content\/uploads\/2024\/10\/1423.jpg\" alt=\"\"><\/p>\n<div>1423<\/div>\n<\/li>\n<li>\n<p>        <img decoding=\"async\" src=\"\/wp-content\/uploads\/2024\/10\/1522.jpg\" alt=\"\"><\/p>\n<div>1522<\/div>\n<\/li>\n<\/ul>\n<div>Farben<\/div>\n<div>\n<p>AGGLOSTYLE &#8211; AGGLOMERATE &#8211; AGGLOCEMENT\u00a0 \u00a0es ist ein neu zusammengesetzter Naturprodukt\u00a0 welches in einem industriellen Prozess durch Mischen nat\u00fcrlicher Bestandteile wie Marmorsplitter, Quarz, Granit, Wei\u00dfzement und Wasser gewonnen wird<\/p>\n<\/div>\n<p><p>\n        <a href=\"https:\/\/belottiterrazzo.com\/de\/wirtschaftliche-agglomerate\/farben\/\">Finde mehr heraus<\/a>\n    <\/p>\n<\/p>\n<div>Unsere Mission<\/div>\n<div>\n<p class=\"font_8 wixui-rich-text__text\"><span class=\"wixui-rich-text__text\">Nachhaltigkeit beginnt in erster Linie mit der Langlebigkeit des Belotti Tiles &#8211; Terrazzo Agglo und dem effizienten und schonenden Umgang mit der ben\u00f6tigten Energie und Ressourcen<\/span><\/p>\n<p class=\"font_8 wixui-rich-text__text\">Unser Unternehmen steht daf\u00fcr, nur umwelt-freundlich zu produzieren\u00a0 und recyceltes Material zu verwenden, v\u00f6llig harzfrei, das Marmor-splitter, Zement und Wasser zu einem High-End-Produkt zusammensetzt\u00a0 \u00a0 \u00a0 \u00a0 \u00a0\u00a0<\/p>\n<p class=\"font_8 wixui-rich-text__text\">\u201eMade in Italy\u201c seit 1955<\/p>\n<p class=\"font_8 wixui-rich-text__text\">\u00a0 \u201eUnsere Materialien sind gemacht , aus\u00a0 Materialien\u00a0 mit Vergangenheit\u201c<\/p>\n<\/div>\n<p><p>\n        <a href=\"https:\/\/belottiterrazzo.com\/de\/wirtschaftliche-agglomerate\/warum-wir-umweltfreundlich-sind\/\">Finde mehr heraus<\/a>\n    <\/p>\n<\/p>\n<p><img decoding=\"async\" src=\"\/wp-content\/uploads\/2024\/10\/Foglia-luce.png\" alt=\"\"><\/p>\n<div>Unsere Projekte<\/div>\n<ul>\n<li>\n<p>        <img decoding=\"async\" src=\"\/wp-content\/uploads\/2024\/10\/991-Top-Black-2.webp\" alt=\"\"><\/p>\n<\/li>\n<li>\n<p>        <img decoding=\"async\" src=\"\/wp-content\/uploads\/2024\/10\/963-7.webp\" alt=\"\"><\/p>\n<\/li>\n<li>\n<p>        <img decoding=\"async\" src=\"\/wp-content\/uploads\/2024\/10\/991-Top-Black-8.webp\" alt=\"\"><\/p>\n<\/li>\n<li>\n<p>        <img decoding=\"async\" src=\"\/wp-content\/uploads\/2024\/10\/991-Top-Black-5.webp\" alt=\"\"><\/p>\n<\/li>\n<li>\n<p>        <img decoding=\"async\" src=\"\/wp-content\/uploads\/2024\/10\/991-Top-Black-6.webp\" alt=\"\"><\/p>\n<\/li>\n<li>\n<p>        <img decoding=\"async\" src=\"\/wp-content\/uploads\/2024\/10\/991-Top-Black-4.webp\" alt=\"\"><\/p>\n<\/li>\n<li>\n<p>        <img decoding=\"async\" src=\"\/wp-content\/uploads\/2024\/10\/T-221-V-2.webp\" alt=\"\"><\/p>\n<\/li>\n<li>\n<p>        <img decoding=\"async\" src=\"\/wp-content\/uploads\/2024\/10\/981.webp\" alt=\"\"><\/p>\n<\/li>\n<li>\n<p>        <img decoding=\"async\" src=\"\/wp-content\/uploads\/2024\/10\/981-6.webp\" alt=\"\"><\/p>\n<\/li>\n<li>\n<p>        <img decoding=\"async\" src=\"\/wp-content\/uploads\/2024\/10\/981-5.webp\" alt=\"\"><\/p>\n<\/li>\n<li>\n<p>        <img decoding=\"async\" src=\"\/wp-content\/uploads\/2024\/10\/981-3.webp\" alt=\"\"><\/p>\n<\/li>\n<li>\n<p>        <img decoding=\"async\" src=\"\/wp-content\/uploads\/2024\/10\/963-9.webp\" alt=\"\"><\/p>\n<\/li>\n<li>\n<p>        <img decoding=\"async\" src=\"\/wp-content\/uploads\/2024\/10\/963-6.webp\" alt=\"\"><\/p>\n<\/li>\n<li>\n<p>        <img decoding=\"async\" src=\"\/wp-content\/uploads\/2024\/10\/963-5.webp\" alt=\"\"><\/p>\n<\/li>\n<li>\n<p>        <img decoding=\"async\" src=\"\/wp-content\/uploads\/2024\/10\/879.webp\" alt=\"\"><\/p>\n<\/li>\n<li>\n<p>        <img decoding=\"async\" src=\"\/wp-content\/uploads\/2024\/10\/871-8.webp\" alt=\"\"><\/p>\n<\/li>\n<li>\n<p>        <img decoding=\"async\" src=\"\/wp-content\/uploads\/2024\/10\/879-2.webp\" alt=\"\"><\/p>\n<\/li>\n<li>\n<p>        <img decoding=\"async\" src=\"\/wp-content\/uploads\/2024\/10\/853-5.webp\" alt=\"\"><\/p>\n<\/li>\n<li>\n<p>        <img decoding=\"async\" src=\"\/wp-content\/uploads\/2024\/10\/871-2.webp\" alt=\"\"><\/p>\n<\/li>\n<li>\n<p>        <img decoding=\"async\" src=\"\/wp-content\/uploads\/2024\/10\/871-3.webp\" alt=\"\"><\/p>\n<\/li>\n<li>\n<p>        <img decoding=\"async\" src=\"\/wp-content\/uploads\/2024\/10\/853-2-1.webp\" alt=\"\"><\/p>\n<\/li>\n<li>\n<p>        <img decoding=\"async\" src=\"\/wp-content\/uploads\/2024\/10\/K337T-6.webp\" alt=\"\"><\/p>\n<\/li>\n<li>\n<p>        <img decoding=\"async\" src=\"\/wp-content\/uploads\/2024\/10\/K337T-5.webp\" alt=\"\"><\/p>\n<\/li>\n<li>\n<p>        <img decoding=\"async\" src=\"\/wp-content\/uploads\/2024\/10\/K337T-3.webp\" alt=\"\"><\/p>\n<\/li>\n<\/ul>\n<p><p>\n        <a href=\"https:\/\/belottiterrazzo.com\/de\/projekte\/\">Finde mehr heraus<\/a>\n    <\/p>\n<\/p>\n<p><!--more--><br \/>\n<!-- {\"name\":\"Home\",\"type\":\"layout\",\"children\":[{\"name\":\"Hero\",\"type\":\"section\",\"props\":{\"image_position\":\"center-center\",\"padding\":\"none\",\"padding_remove_top\":false,\"style\":\"default\",\"title_breakpoint\":\"xl\",\"title_position\":\"top-left\",\"title_rotation\":\"left\",\"vertical_align\":\"\",\"width\":\"\"},\"children\":[{\"type\":\"row\",\"children\":[{\"type\":\"column\",\"props\":{\"image_position\":\"center-center\",\"position_sticky_breakpoint\":\"m\",\"width_medium\":\"1-1\"},\"children\":[{\"type\":\"slideshow\",\"props\":{\"content_margin\":\"remove\",\"content_style\":\"h2\",\"image_height\":\"1440\",\"image_loading\":true,\"image_width\":\"2560\",\"link_margin\":\"large\",\"link_style\":\"text\",\"link_target\":false,\"link_text\":\"\",\"margin\":\"default\",\"meta_align\":\"above-title\",\"meta_element\":\"div\",\"meta_style\":\"\",\"nav\":\"\",\"nav_align\":\"center\",\"nav_below\":false,\"nav_breakpoint\":\"xl\",\"nav_position\":\"bottom-center\",\"nav_position_margin\":\"medium\",\"overlay_animation\":\"parallax\",\"overlay_margin\":\"none\",\"overlay_padding\":\"large\",\"overlay_position\":\"center-left\",\"overlay_style\":\"overlay-primary\",\"show_content\":true,\"show_link\":true,\"show_meta\":true,\"show_thumbnail\":true,\"show_title\":true,\"slidenav\":\"bottom-left\",\"slidenav_breakpoint\":\"m\",\"slidenav_large\":true,\"slidenav_margin\":\"\",\"slidenav_outside_breakpoint\":\"xl\",\"slideshow_animation\":\"fade\",\"slideshow_autoplay\":true,\"slideshow_autoplay_pause\":false,\"slideshow_height\":\"viewport\",\"slideshow_height_offset_top\":true,\"slideshow_min_height\":\"600\",\"thumbnav_height\":\"75\",\"thumbnav_svg_color\":\"emphasis\",\"thumbnav_width\":\"100\",\"title_element\":\"h1\",\"title_hover_style\":\"reset\",\"title_margin\":\"small\",\"title_style\":\"heading-large\"},\"children\":[{\"type\":\"slideshow_item\",\"props\":{\"content\":\"\n\n<p>The ecofriendly Terrazzo<\\\/p>\",\"image\":\"wp-content\\\/uploads\\\/2024\\\/10\\\/Pavimenti.webp\",\"meta\":\"\",\"title\":\"Belotti Terrazzo\"}}]}]}]}]},{\"name\":\"About\",\"type\":\"section\",\"props\":{\"animation\":\"slide-left-medium\",\"animation_delay\":\"200\",\"css\":\"@media(min-width: 960px) {\\n\\t.el-section > div { padding-top: 280px; }\\n}\\n\\n\",\"image\":\"wp-content\\\/uploads\\\/yootheme\\\/home-about-bg.svg\",\"image_effect\":\"parallax\",\"image_parallax_bgx\":\"-80,-80\",\"image_parallax_bgy\":\"150,400\",\"image_parallax_easing\":\"1\",\"image_position\":\"top-right\",\"media_visibility\":\"s\",\"padding\":\"xlarge\",\"padding_remove_bottom\":true,\"style\":\"default\",\"title_breakpoint\":\"xl\",\"title_position\":\"top-left\",\"title_rotation\":\"left\",\"vertical_align\":\"\",\"width\":\"xlarge\"},\"children\":[{\"type\":\"row\",\"props\":{\"column_gap\":\"large\",\"layout\":\"large,expand\",\"row_gap\":\"large\"},\"children\":[{\"type\":\"column\",\"props\":{\"image_position\":\"center-center\",\"position_sticky_breakpoint\":\"m\",\"width_large\":\"xlarge\"},\"children\":[{\"type\":\"headline\",\"props\":{\"content\":\"Unser Unternehmen\",\"margin\":\"remove-vertical\",\"title_element\":\"div\",\"title_style\":\"h1\"}},{\"type\":\"text\",\"props\":{\"column_breakpoint\":\"m\",\"content\":\"\n\n<p>Die BELOTTI TILES Group ist f\\u00fchrend im Bereich Bodenbel\\u00e4ge im Innen- und Au\\u00dfenbereich. Die Geschichte des Unternehmens begann im Jahr 1955, seitdem ist das Wachstum des Unternehmens kontinuierlich und unaufhaltsam.<\\\/p>\\n\n\n<p>Nach 60 Jahren Erfahrung in der Herstellung von Marmoragglomeraten hat die Belotti Tiles Gruppe ein anspruchsvolles Unternehmen f\\u00fcr die Herstellung und Verarbeitung von Stein geschaffen Materialien, die sich immer mehr auf dem Baumarkt auf der ganzen Welt durchsetzen. Dank modernster Systeme, kontinuierlicher Innovation und einem gro\\u00dfen Handelsnetzwerk hat das Unternehmen eine f\\u00fchrende Rolle eingenommen.<\\\/p>\\n\n\n<p>Dar\\u00fcber hinaus haben die Erfahrung, die Seriosit\\u00e4t und die hohe Qualit\\u00e4t der Materialien es ihm erm\\u00f6glicht, seine Position einzunehmen Produkte auf dem gr\\u00f6\\u00dften Teil der Welt.<\\\/p>\",\"margin\":\"large\",\"maxwidth\":\"xlarge\"}},{\"type\":\"button\",\"props\":{\"button_size\":\"large\",\"fullwidth\":false,\"grid_column_gap\":\"small\",\"grid_row_gap\":\"small\",\"margin\":\"default\"},\"children\":[{\"type\":\"button_item\",\"props\":{\"button_style\":\"text\",\"content\":\"Finde mehr heraus\",\"dialog_layout\":\"modal\",\"dialog_offcanvas_flip\":true,\"icon_align\":\"left\",\"link\":\"de\\\/firma\\\/\"}}]}]},{\"type\":\"column\",\"props\":{\"image_position\":\"center-center\",\"position_sticky_breakpoint\":\"m\",\"width_large\":\"expand\"},\"children\":[{\"type\":\"grid\",\"props\":{\"animation\":\"parallax\",\"content_column_breakpoint\":\"m\",\"css\":\"@media (min-width: 960px) {\\n    .uk-first-column > .el-item {\\n        margin-top: 80px;\\n    }\\n}\",\"filter_align\":\"left\",\"filter_all\":true,\"filter_grid_breakpoint\":\"m\",\"filter_grid_width\":\"auto\",\"filter_position\":\"top\",\"filter_style\":\"tab\",\"grid_default\":\"2\",\"grid_medium\":\"\",\"icon_width\":80,\"image_align\":\"top\",\"image_grid_breakpoint\":\"m\",\"image_grid_width\":\"1-2\",\"image_height\":\"700\",\"image_link\":true,\"image_svg_color\":\"emphasis\",\"image_width\":\"530\",\"item_animation\":true,\"lightbox_bg_close\":true,\"link_style\":\"default\",\"link_text\":\"\",\"margin\":\"default\",\"meta_align\":\"below-title\",\"meta_element\":\"div\",\"meta_style\":\"text-meta\",\"parallax_easing\":\"1\",\"parallax_y\":\"-210\",\"show_content\":true,\"show_hover_image\":true,\"show_hover_video\":true,\"show_image\":true,\"show_link\":true,\"show_meta\":true,\"show_title\":true,\"show_video\":true,\"title_align\":\"top\",\"title_element\":\"h3\",\"title_grid_breakpoint\":\"m\",\"title_grid_width\":\"1-2\",\"title_hover_style\":\"reset\",\"title_link\":true,\"title_style\":\"h6\"},\"children\":[{\"type\":\"grid_item\",\"props\":{\"image\":\"wp-content\\\/uploads\\\/2024\\\/10\\\/IMG_7357_JPG.webp\",\"meta\":\"\",\"title\":\"\"}},{\"type\":\"grid_item\",\"props\":{\"image\":\"wp-content\\\/uploads\\\/2024\\\/10\\\/IMG_2500_JPG.webp\",\"meta\":\"\",\"title\":\"\"}}]}]}]}]},{\"name\":\"Residences\",\"type\":\"section\",\"props\":{\"animation\":\"slide-left-small\",\"animation_delay\":false,\"css\":\"@media(min-width: 640px) {\\n\\t.el-section > div { padding-top: 10vw!important; }\\n}\",\"image\":\"wp-content\\\/uploads\\\/yootheme\\\/home-residences-bg.svg\",\"image_effect\":\"parallax\",\"image_height\":\"680\",\"image_parallax_bgy\":\"260\",\"image_parallax_easing\":\"0\",\"image_position\":\"top-left\",\"image_size\":\"contain\",\"image_width\":\"2000\",\"media_visibility\":\"s\",\"padding\":\"xlarge\",\"padding_remove_top\":true,\"style\":\"default\",\"title_breakpoint\":\"xl\",\"title_position\":\"top-left\",\"title_rotation\":\"left\",\"vertical_align\":\"\",\"width\":\"xlarge\"},\"children\":[{\"type\":\"row\",\"props\":{\"column_gap\":\"large\",\"layout\":\"2-3,1-3\",\"row_gap\":\"large\"},\"children\":[{\"type\":\"column\",\"props\":{\"image_position\":\"top-left\",\"media_visibility\":\"s\",\"padding\":\"none\",\"position_sticky_breakpoint\":\"m\",\"width_large\":\"2-3\"},\"children\":[{\"type\":\"overlay-slider\",\"props\":{\"animation\":\"slide-left-medium\",\"image_height\":\"700\",\"image_width\":\"520\",\"link_style\":\"default\",\"link_text\":\"\",\"margin\":\"default\",\"meta_align\":\"below-title\",\"meta_element\":\"div\",\"meta_style\":\"text-meta\",\"nav\":\"\",\"nav_align\":\"center\",\"nav_below\":true,\"nav_breakpoint\":\"s\",\"nav_position\":\"bottom-center\",\"nav_position_margin\":\"medium\",\"overlay_display\":\"hover\",\"overlay_link\":true,\"overlay_mode\":\"caption\",\"overlay_padding\":\"small\",\"overlay_position\":\"bottom-left\",\"overlay_style\":\"overlay-primary\",\"overlay_transition\":\"slide-bottom-small\",\"show_content\":true,\"show_hover_image\":true,\"show_hover_video\":true,\"show_link\":true,\"show_meta\":true,\"show_title\":true,\"slidenav\":\"top-right\",\"slidenav_breakpoint\":\"\",\"slidenav_hover\":false,\"slidenav_large\":false,\"slidenav_margin\":\"medium\",\"slidenav_outside_breakpoint\":\"xl\",\"slider_autoplay\":true,\"slider_autoplay_pause\":true,\"slider_gap\":\"default\",\"slider_width\":\"fixed\",\"slider_width_default\":\"1-1\",\"slider_width_medium\":\"\",\"slider_width_small\":\"1-2\",\"text_align\":\"\",\"text_color\":\"light\",\"title_element\":\"div\",\"title_hover_style\":\"reset\",\"title_style\":\"h1\"},\"children\":[{\"type\":\"overlay-slider_item\",\"props\":{\"image\":\"wp-content\\\/uploads\\\/2024\\\/10\\\/1153.jpg\",\"title\":\"1153\"}},{\"type\":\"overlay-slider_item\",\"props\":{\"image\":\"wp-content\\\/uploads\\\/2024\\\/10\\\/1322.jpg\",\"title\":\"1322\"}},{\"type\":\"overlay-slider_item\",\"props\":{\"image\":\"wp-content\\\/uploads\\\/2024\\\/10\\\/991-New-Red.jpg\",\"title\":\"991 New Red\"}},{\"type\":\"overlay-slider_item\",\"props\":{\"image\":\"wp-content\\\/uploads\\\/2024\\\/10\\\/963.jpg\",\"title\":\"963\"}},{\"type\":\"overlay-slider_item\",\"props\":{\"image\":\"wp-content\\\/uploads\\\/2024\\\/10\\\/1398.jpg\",\"title\":\"1398\"}},{\"type\":\"overlay-slider_item\",\"props\":{\"image\":\"wp-content\\\/uploads\\\/2024\\\/10\\\/1423.jpg\",\"title\":\"1423\"}},{\"type\":\"overlay-slider_item\",\"props\":{\"image\":\"wp-content\\\/uploads\\\/2024\\\/10\\\/1522.jpg\",\"title\":\"1522\"}}]}]},{\"type\":\"column\",\"props\":{\"image_position\":\"center-center\",\"position_sticky_breakpoint\":\"m\",\"width_large\":\"1-3\"},\"children\":[{\"type\":\"headline\",\"props\":{\"content\":\"Farben\",\"margin\":\"remove-vertical\",\"maxwidth\":\"large\",\"title_element\":\"div\",\"title_style\":\"h1\"}},{\"type\":\"text\",\"props\":{\"column_breakpoint\":\"m\",\"content\":\"\n\n<p>AGGLOSTYLE - AGGLOMERATE - AGGLOCEMENT\\u00a0 \\u00a0es ist ein neu zusammengesetzter Naturprodukt\\u00a0 welches in einem industriellen Prozess durch Mischen nat\\u00fcrlicher Bestandteile wie Marmorsplitter, Quarz, Granit, Wei\\u00dfzement und Wasser gewonnen wird<\\\/p>\",\"margin\":\"large\"}},{\"type\":\"button\",\"props\":{\"grid_column_gap\":\"small\",\"grid_row_gap\":\"small\",\"margin\":\"default\"},\"children\":[{\"type\":\"button_item\",\"props\":{\"button_style\":\"text\",\"content\":\"Finde mehr heraus\",\"dialog_layout\":\"modal\",\"dialog_offcanvas_flip\":true,\"icon_align\":\"left\",\"link\":\"de\\\/wirtschaftliche-agglomerate\\\/farben\\\/\"}}]}]}]}]},{\"type\":\"section\",\"props\":{\"image_position\":\"center-center\",\"style\":\"muted\",\"title_breakpoint\":\"xl\",\"title_position\":\"top-left\",\"title_rotation\":\"left\",\"vertical_align\":\"middle\",\"width\":\"default\"},\"children\":[{\"type\":\"row\",\"props\":{\"layout\":\"1-2,1-2\"},\"children\":[{\"type\":\"column\",\"props\":{\"image_position\":\"center-center\",\"position_sticky_breakpoint\":\"m\",\"width_medium\":\"1-2\",\"width_small\":\"1-2\"},\"children\":[{\"type\":\"headline\",\"props\":{\"content\":\"Unsere Mission\",\"margin\":\"remove-vertical\",\"maxwidth\":\"xlarge\",\"title_element\":\"div\",\"title_style\":\"h1\"}},{\"type\":\"text\",\"props\":{\"column_breakpoint\":\"m\",\"content\":\"\n\n<p class=\\\"font_8 wixui-rich-text__text\\\"><span class=\\\"wixui-rich-text__text\\\">Nachhaltigkeit beginnt in erster Linie mit der Langlebigkeit des Belotti Tiles - Terrazzo Agglo und dem effizienten und schonenden Umgang mit der ben\\u00f6tigten Energie und Ressourcen<\\\/span><\\\/p>\\n\n\n<p class=\\\"font_8 wixui-rich-text__text\\\">Unser Unternehmen steht daf\\u00fcr, nur umwelt-freundlich zu produzieren\\u00a0 und recyceltes Material zu verwenden, v\\u00f6llig harzfrei, das Marmor-splitter, Zement und Wasser zu einem High-End-Produkt zusammensetzt\\u00a0 \\u00a0 \\u00a0 \\u00a0 \\u00a0\\u00a0<\\\/p>\\n\n\n<p class=\\\"font_8 wixui-rich-text__text\\\">\\u201eMade in Italy\\u201c seit 1955<\\\/p>\\n\n\n<p class=\\\"font_8 wixui-rich-text__text\\\">\\u00a0 \\u201eUnsere Materialien sind gemacht , aus\\u00a0 Materialien\\u00a0 mit Vergangenheit\\u201c<\\\/p>\",\"margin\":\"default\"}},{\"type\":\"button\",\"props\":{\"grid_column_gap\":\"small\",\"grid_row_gap\":\"small\",\"margin\":\"default\"},\"children\":[{\"type\":\"button_item\",\"props\":{\"button_style\":\"text\",\"content\":\"Finde mehr heraus\",\"dialog_layout\":\"modal\",\"dialog_offcanvas_flip\":true,\"icon_align\":\"left\",\"link\":\"de\\\/wirtschaftliche-agglomerate\\\/warum-wir-umweltfreundlich-sind\\\/\"}}]}]},{\"type\":\"column\",\"props\":{\"image_position\":\"center-center\",\"position_sticky_breakpoint\":\"m\",\"width_medium\":\"1-2\",\"width_small\":\"1-2\"},\"children\":[{\"type\":\"image\",\"props\":{\"image\":\"wp-content\\\/uploads\\\/2024\\\/10\\\/Foglia-luce.png\",\"image_height\":500,\"image_svg_color\":\"emphasis\",\"margin\":\"default\"}}]}]}]},{\"type\":\"section\",\"props\":{\"image_position\":\"center-center\",\"style\":\"default\",\"title_breakpoint\":\"xl\",\"title_position\":\"top-left\",\"title_rotation\":\"left\",\"vertical_align\":\"middle\",\"width\":\"\"},\"children\":[{\"type\":\"row\",\"children\":[{\"type\":\"column\",\"props\":{\"image_position\":\"center-center\",\"position_sticky_breakpoint\":\"m\"},\"children\":[{\"type\":\"headline\",\"props\":{\"content\":\"Unsere Projekte\",\"text_align\":\"center\",\"title_element\":\"div\",\"title_style\":\"heading-small\"}},{\"type\":\"gallery\",\"props\":{\"content_display\":\"lightbox\",\"filter_align\":\"left\",\"filter_all\":true,\"filter_grid_breakpoint\":\"m\",\"filter_grid_width\":\"auto\",\"filter_position\":\"top\",\"filter_style\":\"tab\",\"grid_default\":\"1\",\"grid_medium\":\"4\",\"grid_small\":\"4\",\"image_height\":\"500\",\"image_width\":\"500\",\"item_animation\":true,\"lightbox\":true,\"lightbox_bg_close\":true,\"link_style\":\"default\",\"link_text\":\"\",\"margin\":\"default\",\"meta_align\":\"below-title\",\"meta_element\":\"div\",\"meta_style\":\"text-meta\",\"overlay_hover\":false,\"overlay_link\":true,\"overlay_mode\":\"cover\",\"overlay_position\":\"center\",\"overlay_style\":\"\",\"overlay_transition\":\"fade\",\"show_content\":true,\"show_hover_image\":true,\"show_hover_video\":true,\"show_link\":true,\"show_meta\":true,\"show_title\":true,\"text_align\":\"center\",\"text_color\":\"light\",\"title_display\":\"lightbox\",\"title_element\":\"h3\",\"title_hover_style\":\"reset\"},\"children\":[{\"type\":\"gallery_item\",\"props\":{\"image\":\"wp-content\\\/uploads\\\/2024\\\/10\\\/991-Top-Black-2.webp\"}},{\"type\":\"gallery_item\",\"props\":{\"image\":\"wp-content\\\/uploads\\\/2024\\\/10\\\/963-7.webp\"}},{\"type\":\"gallery_item\",\"props\":{\"image\":\"wp-content\\\/uploads\\\/2024\\\/10\\\/991-Top-Black-8.webp\"}},{\"type\":\"gallery_item\",\"props\":{\"image\":\"wp-content\\\/uploads\\\/2024\\\/10\\\/991-Top-Black-5.webp\"}},{\"type\":\"gallery_item\",\"props\":{\"image\":\"wp-content\\\/uploads\\\/2024\\\/10\\\/991-Top-Black-6.webp\"}},{\"type\":\"gallery_item\",\"props\":{\"image\":\"wp-content\\\/uploads\\\/2024\\\/10\\\/991-Top-Black-4.webp\"}},{\"type\":\"gallery_item\",\"props\":{\"image\":\"wp-content\\\/uploads\\\/2024\\\/10\\\/T-221-V-2.webp\"}},{\"type\":\"gallery_item\",\"props\":{\"image\":\"wp-content\\\/uploads\\\/2024\\\/10\\\/981.webp\"}},{\"type\":\"gallery_item\",\"props\":{\"image\":\"wp-content\\\/uploads\\\/2024\\\/10\\\/981-6.webp\"}},{\"type\":\"gallery_item\",\"props\":{\"image\":\"wp-content\\\/uploads\\\/2024\\\/10\\\/981-5.webp\"}},{\"type\":\"gallery_item\",\"props\":{\"image\":\"wp-content\\\/uploads\\\/2024\\\/10\\\/981-3.webp\"}},{\"type\":\"gallery_item\",\"props\":{\"image\":\"wp-content\\\/uploads\\\/2024\\\/10\\\/963-9.webp\"}},{\"type\":\"gallery_item\",\"props\":{\"image\":\"wp-content\\\/uploads\\\/2024\\\/10\\\/963-6.webp\"}},{\"type\":\"gallery_item\",\"props\":{\"image\":\"wp-content\\\/uploads\\\/2024\\\/10\\\/963-5.webp\"}},{\"type\":\"gallery_item\",\"props\":{\"image\":\"wp-content\\\/uploads\\\/2024\\\/10\\\/879.webp\"}},{\"type\":\"gallery_item\",\"props\":{\"image\":\"wp-content\\\/uploads\\\/2024\\\/10\\\/871-8.webp\"}},{\"type\":\"gallery_item\",\"props\":{\"image\":\"wp-content\\\/uploads\\\/2024\\\/10\\\/879-2.webp\"}},{\"type\":\"gallery_item\",\"props\":{\"image\":\"wp-content\\\/uploads\\\/2024\\\/10\\\/853-5.webp\"}},{\"type\":\"gallery_item\",\"props\":{\"image\":\"wp-content\\\/uploads\\\/2024\\\/10\\\/871-2.webp\"}},{\"type\":\"gallery_item\",\"props\":{\"image\":\"wp-content\\\/uploads\\\/2024\\\/10\\\/871-3.webp\"}},{\"type\":\"gallery_item\",\"props\":{\"image\":\"wp-content\\\/uploads\\\/2024\\\/10\\\/853-2-1.webp\"}},{\"type\":\"gallery_item\",\"props\":{\"image\":\"wp-content\\\/uploads\\\/2024\\\/10\\\/K337T-6.webp\"}},{\"type\":\"gallery_item\",\"props\":{\"image\":\"wp-content\\\/uploads\\\/2024\\\/10\\\/K337T-5.webp\"}},{\"type\":\"gallery_item\",\"props\":{\"image\":\"wp-content\\\/uploads\\\/2024\\\/10\\\/K337T-3.webp\"}}]},{\"type\":\"button\",\"props\":{\"button_size\":\"large\",\"fullwidth\":false,\"grid_column_gap\":\"small\",\"grid_row_gap\":\"small\",\"margin\":\"default\",\"text_align\":\"center\"},\"children\":[{\"type\":\"button_item\",\"props\":{\"button_style\":\"text\",\"content\":\"Finde mehr heraus\",\"dialog_layout\":\"modal\",\"dialog_offcanvas_flip\":true,\"icon_align\":\"left\",\"link\":\"de\\\/projekte\\\/\"}}]}]}]}]}],\"version\":\"4.5.7\"} --><\/p>\n","protected":false},"excerpt":{"rendered":"<p>Belotti Terrazzo The ecofriendly Terrazzo Unser Unternehmen Die BELOTTI TILES Group ist f\u00fchrend im Bereich Bodenbel\u00e4ge im Innen- und Au\u00dfenbereich. Die Geschichte des Unternehmens begann im Jahr 1955, seitdem ist das Wachstum des Unternehmens kontinuierlich und unaufhaltsam. Nach 60 Jahren Erfahrung in der Herstellung von Marmoragglomeraten hat die Belotti Tiles Gruppe ein anspruchsvolles Unternehmen f\u00fcr [&hellip;]<\/p>\n","protected":false},"author":1,"featured_media":0,"parent":0,"menu_order":5,"comment_status":"open","ping_status":"closed","template":"","meta":{"_acf_changed":false,"footnotes":""},"class_list":["post-3770","page","type-page","status-publish","hentry"],"acf":[],"_links":{"self":[{"href":"https:\/\/www.belottiterrazzo.com\/de\/wp-json\/wp\/v2\/pages\/3770","targetHints":{"allow":["GET"]}}],"collection":[{"href":"https:\/\/www.belottiterrazzo.com\/de\/wp-json\/wp\/v2\/pages"}],"about":[{"href":"https:\/\/www.belottiterrazzo.com\/de\/wp-json\/wp\/v2\/types\/page"}],"author":[{"embeddable":true,"href":"https:\/\/www.belottiterrazzo.com\/de\/wp-json\/wp\/v2\/users\/1"}],"replies":[{"embeddable":true,"href":"https:\/\/www.belottiterrazzo.com\/de\/wp-json\/wp\/v2\/comments?post=3770"}],"version-history":[{"count":14,"href":"https:\/\/www.belottiterrazzo.com\/de\/wp-json\/wp\/v2\/pages\/3770\/revisions"}],"predecessor-version":[{"id":4071,"href":"https:\/\/www.belottiterrazzo.com\/de\/wp-json\/wp\/v2\/pages\/3770\/revisions\/4071"}],"wp:attachment":[{"href":"https:\/\/www.belottiterrazzo.com\/de\/wp-json\/wp\/v2\/media?parent=3770"}],"curies":[{"name":"wp","href":"https:\/\/api.w.org\/{rel}","templated":true}]}}